{"id":5114,"date":"2025-04-12T00:45:18","date_gmt":"2025-04-12T00:45:18","guid":{"rendered":"https:\/\/amhazikaron.org\/garantir-laccessibilite\/"},"modified":"2025-12-31T18:40:52","modified_gmt":"2025-12-31T18:40:52","slug":"garantir-laccessibilite","status":"publish","type":"page","link":"https:\/\/amhazikaron.org\/fr\/garantir-laccessibilite\/","title":{"rendered":"Garantir l&rsquo;accessibilit\u00e9"},"content":{"rendered":"\t\t<div data-elementor-type=\"wp-page\" data-elementor-id=\"5114\" class=\"elementor elementor-5114 elementor-49\" data-elementor-post-type=\"page\">\n\t\t\t\t<div class=\"elementor-element elementor-element-2c10a927 e-flex e-con-boxed e-con e-parent\" data-id=\"2c10a927\" data-element_type=\"container\" data-e-type=\"container\">\n\t\t\t\t\t<div class=\"e-con-inner\">\n\t\t\t\t<div class=\"elementor-element elementor-element-178bde83 elementor-widget elementor-widget-text-editor\" data-id=\"178bde83\" data-element_type=\"widget\" data-e-type=\"widget\" data-widget_type=\"text-editor.default\">\n\t\t\t\t<div class=\"elementor-widget-container\">\n\t\t\t\t\t\t\t\t\t\n<p>L&rsquo;Institut Am haZikaron investit tous les efforts et ressources possibles pour fournir \u00e0 tous ses clients des services accessibles, professionnels et de la plus haute qualit\u00e9. Conform\u00e9ment \u00e0 la loi de 1998 sur l&rsquo;\u00e9galit\u00e9 des droits pour les personnes handicap\u00e9es et aux r\u00e8glements qui en d\u00e9coulent, de nombreuses ressources ont \u00e9t\u00e9 investies pour proc\u00e9der aux ajustements n\u00e9cessaires au sein de l&rsquo;entreprise afin de permettre aux personnes handicap\u00e9es de b\u00e9n\u00e9ficier pleinement et en toute ind\u00e9pendance des services que nous fournissons.<\/p>\n\n<h2 class=\"wp-block-heading\"><strong>Site web accessible<\/strong><\/h2>\n\n<p>Un site web accessible est un site web facile \u00e0 utiliser pour les personnes \u00e2g\u00e9es et les personnes handicap\u00e9es, c&rsquo;est-\u00e0-dire qu&rsquo;il contient des fonctionnalit\u00e9s qui permettent d&rsquo;aplanir tout ou partie des limitations existantes. Selon une \u00e9tude r\u00e9alis\u00e9e par Microsoft en 2003, environ 20 \u00e0 25 % de la population \u00e9prouve des difficult\u00e9s \u00e0 utiliser l&rsquo;internet, et un contenu web plus accessible peut aider les personnes confront\u00e9es \u00e0 ces probl\u00e8mes. L&rsquo;institut Am haZikaron s&rsquo;est engag\u00e9 \u00e0 cr\u00e9er des opportunit\u00e9s \u00e9gales sur l&rsquo;internet pour tous, \u00e0 la fois pour les personnes souffrant de divers handicaps et pour celles qui utilisent des technologies d&rsquo;assistance pour utiliser les ordinateurs.<\/p>\n\n<h3 class=\"wp-block-heading\"><strong>Informations sur l&rsquo;accessibilit\u00e9 du site web<\/strong><\/h3>\n\n<p>Ce site est conforme aux normes d\u00e9finies dans l&rsquo;ordonnance de 2013 sur l&rsquo;\u00e9galit\u00e9 des droits pour les personnes handicap\u00e9es (rendre les services accessibles).<\/p>\n\n<ul class=\"wp-block-list\">\n<li>Toutes les mesures d&rsquo;accessibilit\u00e9 ont \u00e9t\u00e9 prises conform\u00e9ment aux recommandations des normes isra\u00e9liennes (ISR 5568) pour le contenu web. L&rsquo;accessibilit\u00e9 du site web est conforme au niveau AA et \u00e0 la norme internationale WCAG 2.0.<\/li>\n\n<li>Des tests ont \u00e9t\u00e9 effectu\u00e9s pour garantir l&rsquo;accessibilit\u00e9 au navigateur Chrome.<\/li>\n\n<li>Le site fournit une structure s\u00e9mantique pour les technologies d&rsquo;assistance et soutient une m\u00e9thode de travail standard \u00e0 l&rsquo;aide du clavier, en utilisant les touches fl\u00e9ch\u00e9es, la touche \u00ab\u00a0Entr\u00e9e\u00a0\u00bb et la touche \u00ab\u00a0Echap\u00a0\u00bb pour quitter les menus et les fen\u00eatres ouvertes.<\/li>\n\n<li>Ajustement de l&rsquo;\u00e9chelle du contenu affich\u00e9 pour faciliter la visualisation dans tous les navigateurs courants et sur les appareils mobiles.<\/li>\n\n<li>Les documents ou vid\u00e9os t\u00e9l\u00e9charg\u00e9s sur le site avant avril 2023 peuvent ne pas \u00eatre disponibles. Si vous voyez un tel document ou une telle vid\u00e9o, vous pouvez nous contacter et nous ferons en sorte que vous puissiez l&rsquo;ouvrir \u00e0 nouveau.<\/li>\n\n<li>Nous offrons \u00e0 nos clients la possibilit\u00e9 de recevoir des informations dans un format qui leur convient. Ces informations sont gratuites et con\u00e7ues pour les personnes handicap\u00e9es. Pour toute question ou information concernant l&rsquo;accessibilit\u00e9, vous pouvez contacter le coordinateur de l&rsquo;accessibilit\u00e9 au sein de notre soci\u00e9t\u00e9, dont les coordonn\u00e9es figurent plus loin dans la pr\u00e9sente d\u00e9claration.<\/li>\n\n<li>Pour une visualisation optimale \u00e0 l&rsquo;aide d&rsquo;un logiciel de lecture d&rsquo;\u00e9cran, nous vous recommandons d&rsquo;utiliser la derni\u00e8re version du logiciel NVDA.<\/li>\n<\/ul>\n\n<h2 class=\"wp-block-heading\"><strong>Moyens de communication pour les questions et les demandes d&rsquo;am\u00e9lioration de l&rsquo;accessibilit\u00e9<\/strong><\/h2>\n\n<p>Nous nous effor\u00e7ons constamment d&rsquo;am\u00e9liorer l&rsquo;accessibilit\u00e9 de nos services dans le cadre de notre engagement \u00e0 fournir des services accessibles au public, y compris aux personnes handicap\u00e9es. Si vous rencontrez un probl\u00e8me ou une difficult\u00e9, faites-le nous savoir et nous ferons de notre mieux pour trouver une solution adapt\u00e9e et r\u00e9soudre votre probl\u00e8me le plus rapidement possible.<\/p>\n\n<h3 class=\"wp-block-heading\"><strong>Coordinateur de l&rsquo;accessibilit\u00e9<\/strong><\/h3>\n\n<ul class=\"wp-block-list\">\n<li>Nom : Evgeny Mednikov<\/li>\n\n<li>T\u00e9l\u00e9phone : <a href=\"tel:+972544520187\">+972544520187<\/a><\/li>\n\n<li>Courriel : <a href=\"mailto:eugene@mednikov.info\">eugene@mednikov.info<\/a><\/li>\n<\/ul>\n\n<h3 class=\"wp-block-heading\">Derni\u00e8re mise \u00e0 jour 01.04.2025<\/h3>\n\t\t\t\t\t\t\t\t<\/div>\n\t\t\t\t<\/div>\n\t\t\t\t\t<\/div>\n\t\t\t\t<\/div>\n\t\t\t\t<\/div>\n\t\t","protected":false},"excerpt":{"rendered":"<p>L&rsquo;Institut Am haZikaron investit tous les efforts et ressources possibles pour fournir \u00e0 tous ses clients des services accessibles, professionnels et de la plus haute qualit\u00e9. Conform\u00e9ment \u00e0 la loi de 1998 sur l&rsquo;\u00e9galit\u00e9 des droits pour les personnes handicap\u00e9es et aux r\u00e8glements qui en d\u00e9coulent, de nombreuses ressources ont \u00e9t\u00e9 investies pour proc\u00e9der aux [&hellip;]<\/p>\n","protected":false},"author":1,"featured_media":0,"parent":0,"menu_order":0,"comment_status":"closed","ping_status":"closed","template":"","meta":{"_acf_changed":false,"_monsterinsights_skip_tracking":false,"_monsterinsights_sitenote_active":false,"_monsterinsights_sitenote_note":"","_monsterinsights_sitenote_category":0,"footnotes":""},"class_list":["post-5114","page","type-page","status-publish","hentry"],"acf":[],"yoast_head":"<!-- This site is optimized with the Yoast SEO plugin v27.3 - https:\/\/yoast.com\/product\/yoast-seo-wordpress\/ -->\n<title>Garantir l&#039;accessibilit\u00e9 - Am haZikaron<\/title>\n<meta name=\"robots\" content=\"index, follow, max-snippet:-1, max-image-preview:large, max-video-preview:-1\" \/>\n<link rel=\"canonical\" href=\"https:\/\/amhazikaron.org\/fr\/garantir-laccessibilite\/\" \/>\n<meta property=\"og:locale\" content=\"fr_FR\" \/>\n<meta property=\"og:type\" content=\"article\" \/>\n<meta property=\"og:title\" content=\"Garantir l&#039;accessibilit\u00e9 - Am haZikaron\" \/>\n<meta property=\"og:description\" content=\"L&rsquo;Institut Am haZikaron investit tous les efforts et ressources possibles pour fournir \u00e0 tous ses clients des services accessibles, professionnels et de la plus haute qualit\u00e9. Conform\u00e9ment \u00e0 la loi de 1998 sur l&rsquo;\u00e9galit\u00e9 des droits pour les personnes handicap\u00e9es et aux r\u00e8glements qui en d\u00e9coulent, de nombreuses ressources ont \u00e9t\u00e9 investies pour proc\u00e9der aux [&hellip;]\" \/>\n<meta property=\"og:url\" content=\"https:\/\/amhazikaron.org\/fr\/garantir-laccessibilite\/\" \/>\n<meta property=\"og:site_name\" content=\"Am haZikaron\" \/>\n<meta property=\"article:publisher\" content=\"https:\/\/www.facebook.com\/jewage\" \/>\n<meta property=\"article:modified_time\" content=\"2025-12-31T18:40:52+00:00\" \/>\n<meta name=\"twitter:card\" content=\"summary_large_image\" \/>\n<meta name=\"twitter:site\" content=\"@AmhaZikaron\" \/>\n<meta name=\"twitter:label1\" content=\"Dur\u00e9e de lecture estim\u00e9e\" \/>\n\t<meta name=\"twitter:data1\" content=\"3 minutes\" \/>\n<script type=\"application\/ld+json\" class=\"yoast-schema-graph\">{\"@context\":\"https:\\\/\\\/schema.org\",\"@graph\":[{\"@type\":\"WebPage\",\"@id\":\"https:\\\/\\\/amhazikaron.org\\\/fr\\\/garantir-laccessibilite\\\/\",\"url\":\"https:\\\/\\\/amhazikaron.org\\\/fr\\\/garantir-laccessibilite\\\/\",\"name\":\"Garantir l'accessibilit\u00e9 - Am haZikaron\",\"isPartOf\":{\"@id\":\"https:\\\/\\\/amhazikaron.org\\\/fr\\\/#website\"},\"datePublished\":\"2025-04-12T00:45:18+00:00\",\"dateModified\":\"2025-12-31T18:40:52+00:00\",\"breadcrumb\":{\"@id\":\"https:\\\/\\\/amhazikaron.org\\\/fr\\\/garantir-laccessibilite\\\/#breadcrumb\"},\"inLanguage\":\"fr-FR\",\"potentialAction\":[{\"@type\":\"ReadAction\",\"target\":[\"https:\\\/\\\/amhazikaron.org\\\/fr\\\/garantir-laccessibilite\\\/\"]}]},{\"@type\":\"BreadcrumbList\",\"@id\":\"https:\\\/\\\/amhazikaron.org\\\/fr\\\/garantir-laccessibilite\\\/#breadcrumb\",\"itemListElement\":[{\"@type\":\"ListItem\",\"position\":1,\"name\":\"\u0413\u043b\u0430\u0432\u043d\u0430\u044f \u0441\u0442\u0440\u0430\u043d\u0438\u0446\u0430\",\"item\":\"https:\\\/\\\/amhazikaron.org\\\/fr\\\/principal\\\/\"},{\"@type\":\"ListItem\",\"position\":2,\"name\":\"Garantir l&rsquo;accessibilit\u00e9\"}]},{\"@type\":\"WebSite\",\"@id\":\"https:\\\/\\\/amhazikaron.org\\\/fr\\\/#website\",\"url\":\"https:\\\/\\\/amhazikaron.org\\\/fr\\\/\",\"name\":\"Am haZikaron\",\"description\":\"\u0418\u043d\u0441\u0442\u0438\u0442\u0443\u0442 \u043d\u0430\u0443\u043a\u0438, \u043a\u0443\u043b\u044c\u0442\u0443\u0440\u044b \u0438 \u043d\u0430\u0441\u043b\u0435\u0434\u0438\u044f \u0435\u0432\u0440\u0435\u0439\u0441\u043a\u043e\u0433\u043e \u043d\u0430\u0440\u043e\u0434\u0430\",\"publisher\":{\"@id\":\"https:\\\/\\\/amhazikaron.org\\\/fr\\\/#organization\"},\"potentialAction\":[{\"@type\":\"SearchAction\",\"target\":{\"@type\":\"EntryPoint\",\"urlTemplate\":\"https:\\\/\\\/amhazikaron.org\\\/fr\\\/?s={search_term_string}\"},\"query-input\":{\"@type\":\"PropertyValueSpecification\",\"valueRequired\":true,\"valueName\":\"search_term_string\"}}],\"inLanguage\":\"fr-FR\"},{\"@type\":\"Organization\",\"@id\":\"https:\\\/\\\/amhazikaron.org\\\/fr\\\/#organization\",\"name\":\"Am haZikaron\",\"url\":\"https:\\\/\\\/amhazikaron.org\\\/fr\\\/\",\"logo\":{\"@type\":\"ImageObject\",\"inLanguage\":\"fr-FR\",\"@id\":\"https:\\\/\\\/amhazikaron.org\\\/fr\\\/#\\\/schema\\\/logo\\\/image\\\/\",\"url\":\"https:\\\/\\\/amhazikaron.org\\\/wp-content\\\/uploads\\\/2025\\\/04\\\/logo.svg\",\"contentUrl\":\"https:\\\/\\\/amhazikaron.org\\\/wp-content\\\/uploads\\\/2025\\\/04\\\/logo.svg\",\"width\":48,\"height\":48,\"caption\":\"Am haZikaron\"},\"image\":{\"@id\":\"https:\\\/\\\/amhazikaron.org\\\/fr\\\/#\\\/schema\\\/logo\\\/image\\\/\"},\"sameAs\":[\"https:\\\/\\\/www.facebook.com\\\/jewage\",\"https:\\\/\\\/x.com\\\/AmhaZikaron\"]}]}<\/script>\n<!-- \/ Yoast SEO plugin. -->","yoast_head_json":{"title":"Garantir l'accessibilit\u00e9 - Am haZikaron","robots":{"index":"index","follow":"follow","max-snippet":"max-snippet:-1","max-image-preview":"max-image-preview:large","max-video-preview":"max-video-preview:-1"},"canonical":"https:\/\/amhazikaron.org\/fr\/garantir-laccessibilite\/","og_locale":"fr_FR","og_type":"article","og_title":"Garantir l'accessibilit\u00e9 - Am haZikaron","og_description":"L&rsquo;Institut Am haZikaron investit tous les efforts et ressources possibles pour fournir \u00e0 tous ses clients des services accessibles, professionnels et de la plus haute qualit\u00e9. Conform\u00e9ment \u00e0 la loi de 1998 sur l&rsquo;\u00e9galit\u00e9 des droits pour les personnes handicap\u00e9es et aux r\u00e8glements qui en d\u00e9coulent, de nombreuses ressources ont \u00e9t\u00e9 investies pour proc\u00e9der aux [&hellip;]","og_url":"https:\/\/amhazikaron.org\/fr\/garantir-laccessibilite\/","og_site_name":"Am haZikaron","article_publisher":"https:\/\/www.facebook.com\/jewage","article_modified_time":"2025-12-31T18:40:52+00:00","twitter_card":"summary_large_image","twitter_site":"@AmhaZikaron","twitter_misc":{"Dur\u00e9e de lecture estim\u00e9e":"3 minutes"},"schema":{"@context":"https:\/\/schema.org","@graph":[{"@type":"WebPage","@id":"https:\/\/amhazikaron.org\/fr\/garantir-laccessibilite\/","url":"https:\/\/amhazikaron.org\/fr\/garantir-laccessibilite\/","name":"Garantir l'accessibilit\u00e9 - Am haZikaron","isPartOf":{"@id":"https:\/\/amhazikaron.org\/fr\/#website"},"datePublished":"2025-04-12T00:45:18+00:00","dateModified":"2025-12-31T18:40:52+00:00","breadcrumb":{"@id":"https:\/\/amhazikaron.org\/fr\/garantir-laccessibilite\/#breadcrumb"},"inLanguage":"fr-FR","potentialAction":[{"@type":"ReadAction","target":["https:\/\/amhazikaron.org\/fr\/garantir-laccessibilite\/"]}]},{"@type":"BreadcrumbList","@id":"https:\/\/amhazikaron.org\/fr\/garantir-laccessibilite\/#breadcrumb","itemListElement":[{"@type":"ListItem","position":1,"name":"\u0413\u043b\u0430\u0432\u043d\u0430\u044f \u0441\u0442\u0440\u0430\u043d\u0438\u0446\u0430","item":"https:\/\/amhazikaron.org\/fr\/principal\/"},{"@type":"ListItem","position":2,"name":"Garantir l&rsquo;accessibilit\u00e9"}]},{"@type":"WebSite","@id":"https:\/\/amhazikaron.org\/fr\/#website","url":"https:\/\/amhazikaron.org\/fr\/","name":"Am haZikaron","description":"\u0418\u043d\u0441\u0442\u0438\u0442\u0443\u0442 \u043d\u0430\u0443\u043a\u0438, \u043a\u0443\u043b\u044c\u0442\u0443\u0440\u044b \u0438 \u043d\u0430\u0441\u043b\u0435\u0434\u0438\u044f \u0435\u0432\u0440\u0435\u0439\u0441\u043a\u043e\u0433\u043e \u043d\u0430\u0440\u043e\u0434\u0430","publisher":{"@id":"https:\/\/amhazikaron.org\/fr\/#organization"},"potentialAction":[{"@type":"SearchAction","target":{"@type":"EntryPoint","urlTemplate":"https:\/\/amhazikaron.org\/fr\/?s={search_term_string}"},"query-input":{"@type":"PropertyValueSpecification","valueRequired":true,"valueName":"search_term_string"}}],"inLanguage":"fr-FR"},{"@type":"Organization","@id":"https:\/\/amhazikaron.org\/fr\/#organization","name":"Am haZikaron","url":"https:\/\/amhazikaron.org\/fr\/","logo":{"@type":"ImageObject","inLanguage":"fr-FR","@id":"https:\/\/amhazikaron.org\/fr\/#\/schema\/logo\/image\/","url":"https:\/\/amhazikaron.org\/wp-content\/uploads\/2025\/04\/logo.svg","contentUrl":"https:\/\/amhazikaron.org\/wp-content\/uploads\/2025\/04\/logo.svg","width":48,"height":48,"caption":"Am haZikaron"},"image":{"@id":"https:\/\/amhazikaron.org\/fr\/#\/schema\/logo\/image\/"},"sameAs":["https:\/\/www.facebook.com\/jewage","https:\/\/x.com\/AmhaZikaron"]}]}},"_links":{"self":[{"href":"https:\/\/amhazikaron.org\/fr\/wp-json\/wp\/v2\/pages\/5114","targetHints":{"allow":["GET"]}}],"collection":[{"href":"https:\/\/amhazikaron.org\/fr\/wp-json\/wp\/v2\/pages"}],"about":[{"href":"https:\/\/amhazikaron.org\/fr\/wp-json\/wp\/v2\/types\/page"}],"author":[{"embeddable":true,"href":"https:\/\/amhazikaron.org\/fr\/wp-json\/wp\/v2\/users\/1"}],"replies":[{"embeddable":true,"href":"https:\/\/amhazikaron.org\/fr\/wp-json\/wp\/v2\/comments?post=5114"}],"version-history":[{"count":4,"href":"https:\/\/amhazikaron.org\/fr\/wp-json\/wp\/v2\/pages\/5114\/revisions"}],"predecessor-version":[{"id":8442,"href":"https:\/\/amhazikaron.org\/fr\/wp-json\/wp\/v2\/pages\/5114\/revisions\/8442"}],"wp:attachment":[{"href":"https:\/\/amhazikaron.org\/fr\/wp-json\/wp\/v2\/media?parent=5114"}],"curies":[{"name":"wp","href":"https:\/\/api.w.org\/{rel}","templated":true}]}}