{"id":4986,"date":"2025-04-13T15:13:20","date_gmt":"2025-04-13T15:13:20","guid":{"rendered":"https:\/\/amhazikaron.org\/histoire-de-linstitut\/"},"modified":"2025-08-15T05:40:31","modified_gmt":"2025-08-15T05:40:31","slug":"histoire-de-linstitut","status":"publish","type":"page","link":"https:\/\/amhazikaron.org\/fr\/a-propos-de-nous\/histoire-de-linstitut\/","title":{"rendered":"Histoire de l&rsquo;Institut"},"content":{"rendered":"\t\t<div data-elementor-type=\"wp-page\" data-elementor-id=\"4986\" class=\"elementor elementor-4986 elementor-78\" data-elementor-post-type=\"page\">\n\t\t\t\t<div class=\"elementor-element elementor-element-8c7f4de e-flex e-con-boxed e-con e-parent\" data-id=\"8c7f4de\" data-element_type=\"container\" data-e-type=\"container\">\n\t\t\t\t\t<div class=\"e-con-inner\">\n\t\t<div class=\"elementor-element elementor-element-ac2e27d e-con-full e-flex e-con e-child\" data-id=\"ac2e27d\" data-element_type=\"container\" data-e-type=\"container\">\n\t\t\t\t<div class=\"elementor-element elementor-element-a45a4a8 elementor-widget elementor-widget-image\" data-id=\"a45a4a8\" data-element_type=\"widget\" data-e-type=\"widget\" data-widget_type=\"image.default\">\n\t\t\t\t<div class=\"elementor-widget-container\">\n\t\t\t\t\t\t\t\t\t\t\t\t\t\t\t<img fetchpriority=\"high\" decoding=\"async\" width=\"500\" height=\"500\" src=\"https:\/\/amhazikaron.org\/wp-content\/uploads\/2025\/04\/history-001.jpg\" class=\"attachment-large size-large wp-image-4988\" alt=\"history illustration\" srcset=\"https:\/\/amhazikaron.org\/wp-content\/uploads\/2025\/04\/history-001.jpg 500w, https:\/\/amhazikaron.org\/wp-content\/uploads\/2025\/04\/history-001-300x300.jpg 300w, https:\/\/amhazikaron.org\/wp-content\/uploads\/2025\/04\/history-001-150x150.jpg 150w\" sizes=\"(max-width: 500px) 100vw, 500px\" \/>\t\t\t\t\t\t\t\t\t\t\t\t\t\t\t<\/div>\n\t\t\t\t<\/div>\n\t\t\t\t<\/div>\n\t\t<div class=\"elementor-element elementor-element-f517bdb e-con-full e-flex e-con e-child\" data-id=\"f517bdb\" data-element_type=\"container\" data-e-type=\"container\">\n\t\t\t\t<div class=\"elementor-element elementor-element-34276fe elementor-widget elementor-widget-text-editor\" data-id=\"34276fe\" data-element_type=\"widget\" data-e-type=\"widget\" data-widget_type=\"text-editor.default\">\n\t\t\t\t<div class=\"elementor-widget-container\">\n\t\t\t\t\t\t\t\t\t<p>Cette histoire a commenc\u00e9 il y a environ 30 ans, lorsque l&rsquo;un des fondateurs de l&rsquo;Institut <strong>\u00ab\u00a0Am HaZikaron\u00a0\u00bb<\/strong>, Alexander Yonatan Widgop, est parti de 35 membres de sa famille qu&rsquo;il connaissait pour retrouver 1 500 autres personnes et cr\u00e9er ainsi son propre arbre g\u00e9n\u00e9alogique. Apr\u00e8s avoir reconstitu\u00e9 la g\u00e9n\u00e9alogie de sa famille, il a remarqu\u00e9 que, bien que nombre de ses parents aient ignor\u00e9 pendant 100 \u00e0 120 ans l&rsquo;existence d&rsquo;autres branches familiales et aient v\u00e9cu non seulement dans des pays diff\u00e9rents, mais m\u00eame sur des continents diff\u00e9rents, leurs sph\u00e8res d&rsquo;activit\u00e9 et leurs destins \u00e9taient non seulement exceptionnellement similaires, mais se r\u00e9p\u00e9taient souvent les uns les autres. Ces faits \u00e9tranges ont pu appara\u00eetre comme une sorte de co\u00efncidence \u00e9tonnante, mais ils ont donn\u00e9 lieu \u00e0 la cr\u00e9ation d&rsquo;une organisation \u00e0 but non lucratif, dont le personnel a commenc\u00e9 \u00e0 collecter du mat\u00e9riel pour v\u00e9rifier des co\u00efncidences similaires dans d&rsquo;autres familles juives.  <\/p><p>L&rsquo;Institut Am HaZikaron a \u00e9t\u00e9 fond\u00e9 en 1998 dans le but de mener des recherches scientifiques sur les liens entre les g\u00e9n\u00e9rations juives de diff\u00e9rentes \u00e9poques. Les sp\u00e9cialistes de l&rsquo;Institut ont reconstitu\u00e9 des arbres g\u00e9n\u00e9alogiques juifs dont l&rsquo;histoire connue s&rsquo;\u00e9tend jusqu&rsquo;\u00e0 900 ans et ont proc\u00e9d\u00e9 \u00e0 un traitement statistique des informations obtenues. Apr\u00e8s 10 ans de travail approfondi et m\u00e9ticuleux, les chercheurs de l&rsquo;Institut, agissant en v\u00e9ritables empiristes, ont non seulement trouv\u00e9 et identifi\u00e9 des mod\u00e8les uniques dans les arbres g\u00e9n\u00e9alogiques juifs, mais ont \u00e9galement obtenu des r\u00e9sultats surprenants, voire sensationnels, qui ont \u00e9t\u00e9 publi\u00e9s dans des publications scientifiques faisant autorit\u00e9, honor\u00e9s par le prix et la m\u00e9daille \u00ab\u00a0Zeiti Yerushalaim\u00a0\u00bb (\u00ab\u00a0Olive de J\u00e9rusalem\u00a0\u00bb) pour leur contribution au d\u00e9veloppement du patrimoine national, et soutenus par un comit\u00e9 sp\u00e9cialement cr\u00e9\u00e9, compos\u00e9 de 55 laur\u00e9ats du prix Nobel.  <\/p><p>\u00ab\u00a0Am HaZikaron\u00a0\u00bb a r\u00e9ussi \u00e0 prouver que les membres d&rsquo;une m\u00eame famille juive conservent leurs caract\u00e9ristiques uniques, qui leur sont propres, \u00e0 travers les si\u00e8cles. Ils se concentrent dans 4 \u00e0 5 domaines d&rsquo;activit\u00e9, ils ont les m\u00eames habitudes et les m\u00eames pr\u00e9f\u00e9rences. Certains clans migrent facilement, d&rsquo;autres restent au m\u00eame endroit le plus longtemps possible. Les divorces sont caract\u00e9ristiques de certains, d&rsquo;autres &#8211; un mariage stable pour la vie, et bien d&rsquo;autres choses encore. Ainsi, il devient possible de parler de la mission que le clan et ses repr\u00e9sentants remplissent au sein du peuple juif &#8211; ce qui confirme la justesse des id\u00e9es du Tanakh sur l&rsquo;existence de chaque clan juif ayant sa propre mission, ses propres sph\u00e8res d&rsquo;activit\u00e9 clanique, qui sont transmises de g\u00e9n\u00e9ration en g\u00e9n\u00e9ration. Et, en r\u00e8gle g\u00e9n\u00e9rale, les repr\u00e9sentants de ces clans atteignent des sommets consid\u00e9rables dans ces domaines.     <\/p><p>En d\u00e9veloppant la th\u00e9orie de la mission, les chercheurs d&rsquo;Am HaZikaron ont \u00e9tudi\u00e9 la g\u00e9n\u00e9alogie de personnes exceptionnelles et ont trouv\u00e9 des r\u00e9ponses fascinantes sur la nature du g\u00e9nie. Imaginez qu&rsquo;il existe des familles juives qui, toutes les quelques g\u00e9n\u00e9rations, \u00ab\u00a0produisent\u00a0\u00bb des g\u00e9nies. Et ce, dans un domaine particulier &#8211; soit en math\u00e9matiques, soit en physique, soit en commerce. Il s&rsquo;agit d&rsquo;un mod\u00e8le, et ces familles changent l&rsquo;histoire, et pas seulement celle du peuple juif. \u00ab\u00a0Am HaZikaron a \u00e9tendu ses recherches \u00e0 la g\u00e9n\u00e9tique d\u00e9mographique, dressant ainsi un tableau de la vie de la communaut\u00e9 juive. Les r\u00e9sultats sont un outil \u00e9ducatif puissant : ils peuvent avoir un impact significatif sur les Juifs qui ont perdu le contact avec leur peuple et l&rsquo;histoire de leur famille.     <\/p><p>Pour comprendre \u00e0 quel point cela est n\u00e9cessaire pour les jeunes de la diaspora, il faut voir ce qui leur arrive lors des s\u00e9minaires de l&rsquo;Institut lorsqu&rsquo;ils d\u00e9couvrent qui ils sont vraiment, qui \u00e9tait \u00e0 l&rsquo;origine de leur famille, quels g\u00e9nies \u00e9taient dans leur famille&#8230; C&rsquo;est un v\u00e9ritable choc, le sentiment qu&rsquo;on vous a rendu votre m\u00e9moire, votre famille. Apr\u00e8s tout, c&rsquo;est par la famille, par son histoire, que l&rsquo;on s&rsquo;identifie. <\/p><p>\u00ab\u00a0Am HaZikaron est un institut d&rsquo;\u00e9tude de l&rsquo;histoire et de l&rsquo;h\u00e9ritage des familles juives, et le but de cette recherche est de reconstruire le r\u00e9cit familial. Qu&rsquo;est-ce que cela signifie vraiment ? Il existe un mot merveilleux en yiddish : iches. Il vient du mot h\u00e9breu \u00ab\u00a0ikhus\u00a0\u00bb, que l&rsquo;on peut traduire par \u00ab\u00a0relation\u00a0\u00bb ou \u00ab\u00a0lien\u00a0\u00bb. En h\u00e9breu, \u00ab\u00a0ikhusin\u00a0\u00bb signifie g\u00e9n\u00e9alogie, g\u00e9n\u00e9alogie. Ce m\u00eame \u00ab\u00a0ikhus\u00a0\u00bb, en g\u00e9n\u00e9ral, est ce que l&rsquo;on peut appeler scientifiquement un r\u00e9cit familial. Il ne s&rsquo;agit pas tant d&rsquo;une g\u00e9n\u00e9alogie litt\u00e9rale que de l&rsquo;histoire des liens de la famille juive, de son origine, de son prestige. L&rsquo;ikhus est quelque chose qui, dans une tr\u00e8s large mesure, a d\u00e9fini la vie juive, la vie du peuple juif tout entier.       <\/p>\t\t\t\t\t\t\t\t<\/div>\n\t\t\t\t<\/div>\n\t\t\t\t<\/div>\n\t\t\t\t\t<\/div>\n\t\t\t\t<\/div>\n\t\t\t\t<\/div>\n\t\t","protected":false},"excerpt":{"rendered":"<p>Cette histoire a commenc\u00e9 il y a environ 30 ans&#8230;..<\/p>\n","protected":false},"author":1,"featured_media":4987,"parent":5406,"menu_order":0,"comment_status":"closed","ping_status":"closed","template":"","meta":{"_acf_changed":false,"_monsterinsights_skip_tracking":false,"_monsterinsights_sitenote_active":false,"_monsterinsights_sitenote_note":"","_monsterinsights_sitenote_category":0,"footnotes":""},"class_list":["post-4986","page","type-page","status-publish","has-post-thumbnail","hentry"],"acf":[],"yoast_head":"<!-- This site is optimized with the Yoast SEO plugin v27.3 - https:\/\/yoast.com\/product\/yoast-seo-wordpress\/ -->\n<title>Histoire de l&#039;Institut - Am haZikaron<\/title>\n<meta name=\"robots\" content=\"index, follow, max-snippet:-1, max-image-preview:large, max-video-preview:-1\" \/>\n<link rel=\"canonical\" href=\"https:\/\/amhazikaron.org\/fr\/a-propos-de-nous\/histoire-de-linstitut\/\" \/>\n<meta property=\"og:locale\" content=\"fr_FR\" \/>\n<meta property=\"og:type\" content=\"article\" \/>\n<meta property=\"og:title\" content=\"Histoire de l&#039;Institut - Am haZikaron\" \/>\n<meta property=\"og:description\" content=\"Cette histoire a commenc\u00e9 il y a environ 30 ans.....\" \/>\n<meta property=\"og:url\" content=\"https:\/\/amhazikaron.org\/fr\/a-propos-de-nous\/histoire-de-linstitut\/\" \/>\n<meta property=\"og:site_name\" content=\"Am haZikaron\" \/>\n<meta property=\"article:publisher\" content=\"https:\/\/www.facebook.com\/jewage\" \/>\n<meta property=\"article:modified_time\" content=\"2025-08-15T05:40:31+00:00\" \/>\n<meta property=\"og:image\" content=\"https:\/\/amhazikaron.org\/wp-content\/uploads\/2025\/04\/history-1-clr.jpg\" \/>\n\t<meta property=\"og:image:width\" content=\"500\" \/>\n\t<meta property=\"og:image:height\" content=\"333\" \/>\n\t<meta property=\"og:image:type\" content=\"image\/jpeg\" \/>\n<meta name=\"twitter:card\" content=\"summary_large_image\" \/>\n<meta name=\"twitter:site\" content=\"@AmhaZikaron\" \/>\n<meta name=\"twitter:label1\" content=\"Dur\u00e9e de lecture estim\u00e9e\" \/>\n\t<meta name=\"twitter:data1\" content=\"4 minutes\" \/>\n<script type=\"application\/ld+json\" class=\"yoast-schema-graph\">{\"@context\":\"https:\\\/\\\/schema.org\",\"@graph\":[{\"@type\":\"WebPage\",\"@id\":\"https:\\\/\\\/amhazikaron.org\\\/fr\\\/a-propos-de-nous\\\/histoire-de-linstitut\\\/\",\"url\":\"https:\\\/\\\/amhazikaron.org\\\/fr\\\/a-propos-de-nous\\\/histoire-de-linstitut\\\/\",\"name\":\"Histoire de l'Institut - Am haZikaron\",\"isPartOf\":{\"@id\":\"https:\\\/\\\/amhazikaron.org\\\/fr\\\/#website\"},\"primaryImageOfPage\":{\"@id\":\"https:\\\/\\\/amhazikaron.org\\\/fr\\\/a-propos-de-nous\\\/histoire-de-linstitut\\\/#primaryimage\"},\"image\":{\"@id\":\"https:\\\/\\\/amhazikaron.org\\\/fr\\\/a-propos-de-nous\\\/histoire-de-linstitut\\\/#primaryimage\"},\"thumbnailUrl\":\"https:\\\/\\\/amhazikaron.org\\\/wp-content\\\/uploads\\\/2025\\\/04\\\/history-1-clr.jpg\",\"datePublished\":\"2025-04-13T15:13:20+00:00\",\"dateModified\":\"2025-08-15T05:40:31+00:00\",\"breadcrumb\":{\"@id\":\"https:\\\/\\\/amhazikaron.org\\\/fr\\\/a-propos-de-nous\\\/histoire-de-linstitut\\\/#breadcrumb\"},\"inLanguage\":\"fr-FR\",\"potentialAction\":[{\"@type\":\"ReadAction\",\"target\":[\"https:\\\/\\\/amhazikaron.org\\\/fr\\\/a-propos-de-nous\\\/histoire-de-linstitut\\\/\"]}]},{\"@type\":\"ImageObject\",\"inLanguage\":\"fr-FR\",\"@id\":\"https:\\\/\\\/amhazikaron.org\\\/fr\\\/a-propos-de-nous\\\/histoire-de-linstitut\\\/#primaryimage\",\"url\":\"https:\\\/\\\/amhazikaron.org\\\/wp-content\\\/uploads\\\/2025\\\/04\\\/history-1-clr.jpg\",\"contentUrl\":\"https:\\\/\\\/amhazikaron.org\\\/wp-content\\\/uploads\\\/2025\\\/04\\\/history-1-clr.jpg\",\"width\":500,\"height\":333,\"caption\":\"close up of world famous Pisa clock in Piazza dei Cavalieri, Italy\"},{\"@type\":\"BreadcrumbList\",\"@id\":\"https:\\\/\\\/amhazikaron.org\\\/fr\\\/a-propos-de-nous\\\/histoire-de-linstitut\\\/#breadcrumb\",\"itemListElement\":[{\"@type\":\"ListItem\",\"position\":1,\"name\":\"\u0413\u043b\u0430\u0432\u043d\u0430\u044f \u0441\u0442\u0440\u0430\u043d\u0438\u0446\u0430\",\"item\":\"https:\\\/\\\/amhazikaron.org\\\/fr\\\/principal\\\/\"},{\"@type\":\"ListItem\",\"position\":2,\"name\":\"A propos de nous\",\"item\":\"https:\\\/\\\/amhazikaron.org\\\/fr\\\/a-propos-de-nous\\\/\"},{\"@type\":\"ListItem\",\"position\":3,\"name\":\"Histoire de l&#8217;Institut\"}]},{\"@type\":\"WebSite\",\"@id\":\"https:\\\/\\\/amhazikaron.org\\\/fr\\\/#website\",\"url\":\"https:\\\/\\\/amhazikaron.org\\\/fr\\\/\",\"name\":\"Am haZikaron\",\"description\":\"\u0418\u043d\u0441\u0442\u0438\u0442\u0443\u0442 \u043d\u0430\u0443\u043a\u0438, \u043a\u0443\u043b\u044c\u0442\u0443\u0440\u044b \u0438 \u043d\u0430\u0441\u043b\u0435\u0434\u0438\u044f \u0435\u0432\u0440\u0435\u0439\u0441\u043a\u043e\u0433\u043e \u043d\u0430\u0440\u043e\u0434\u0430\",\"publisher\":{\"@id\":\"https:\\\/\\\/amhazikaron.org\\\/fr\\\/#organization\"},\"potentialAction\":[{\"@type\":\"SearchAction\",\"target\":{\"@type\":\"EntryPoint\",\"urlTemplate\":\"https:\\\/\\\/amhazikaron.org\\\/fr\\\/?s={search_term_string}\"},\"query-input\":{\"@type\":\"PropertyValueSpecification\",\"valueRequired\":true,\"valueName\":\"search_term_string\"}}],\"inLanguage\":\"fr-FR\"},{\"@type\":\"Organization\",\"@id\":\"https:\\\/\\\/amhazikaron.org\\\/fr\\\/#organization\",\"name\":\"Am haZikaron\",\"url\":\"https:\\\/\\\/amhazikaron.org\\\/fr\\\/\",\"logo\":{\"@type\":\"ImageObject\",\"inLanguage\":\"fr-FR\",\"@id\":\"https:\\\/\\\/amhazikaron.org\\\/fr\\\/#\\\/schema\\\/logo\\\/image\\\/\",\"url\":\"https:\\\/\\\/amhazikaron.org\\\/wp-content\\\/uploads\\\/2025\\\/04\\\/logo.svg\",\"contentUrl\":\"https:\\\/\\\/amhazikaron.org\\\/wp-content\\\/uploads\\\/2025\\\/04\\\/logo.svg\",\"width\":48,\"height\":48,\"caption\":\"Am haZikaron\"},\"image\":{\"@id\":\"https:\\\/\\\/amhazikaron.org\\\/fr\\\/#\\\/schema\\\/logo\\\/image\\\/\"},\"sameAs\":[\"https:\\\/\\\/www.facebook.com\\\/jewage\",\"https:\\\/\\\/x.com\\\/AmhaZikaron\"]}]}<\/script>\n<!-- \/ Yoast SEO plugin. -->","yoast_head_json":{"title":"Histoire de l'Institut - Am haZikaron","robots":{"index":"index","follow":"follow","max-snippet":"max-snippet:-1","max-image-preview":"max-image-preview:large","max-video-preview":"max-video-preview:-1"},"canonical":"https:\/\/amhazikaron.org\/fr\/a-propos-de-nous\/histoire-de-linstitut\/","og_locale":"fr_FR","og_type":"article","og_title":"Histoire de l'Institut - Am haZikaron","og_description":"Cette histoire a commenc\u00e9 il y a environ 30 ans.....","og_url":"https:\/\/amhazikaron.org\/fr\/a-propos-de-nous\/histoire-de-linstitut\/","og_site_name":"Am haZikaron","article_publisher":"https:\/\/www.facebook.com\/jewage","article_modified_time":"2025-08-15T05:40:31+00:00","og_image":[{"width":500,"height":333,"url":"https:\/\/amhazikaron.org\/wp-content\/uploads\/2025\/04\/history-1-clr.jpg","type":"image\/jpeg"}],"twitter_card":"summary_large_image","twitter_site":"@AmhaZikaron","twitter_misc":{"Dur\u00e9e de lecture estim\u00e9e":"4 minutes"},"schema":{"@context":"https:\/\/schema.org","@graph":[{"@type":"WebPage","@id":"https:\/\/amhazikaron.org\/fr\/a-propos-de-nous\/histoire-de-linstitut\/","url":"https:\/\/amhazikaron.org\/fr\/a-propos-de-nous\/histoire-de-linstitut\/","name":"Histoire de l'Institut - Am haZikaron","isPartOf":{"@id":"https:\/\/amhazikaron.org\/fr\/#website"},"primaryImageOfPage":{"@id":"https:\/\/amhazikaron.org\/fr\/a-propos-de-nous\/histoire-de-linstitut\/#primaryimage"},"image":{"@id":"https:\/\/amhazikaron.org\/fr\/a-propos-de-nous\/histoire-de-linstitut\/#primaryimage"},"thumbnailUrl":"https:\/\/amhazikaron.org\/wp-content\/uploads\/2025\/04\/history-1-clr.jpg","datePublished":"2025-04-13T15:13:20+00:00","dateModified":"2025-08-15T05:40:31+00:00","breadcrumb":{"@id":"https:\/\/amhazikaron.org\/fr\/a-propos-de-nous\/histoire-de-linstitut\/#breadcrumb"},"inLanguage":"fr-FR","potentialAction":[{"@type":"ReadAction","target":["https:\/\/amhazikaron.org\/fr\/a-propos-de-nous\/histoire-de-linstitut\/"]}]},{"@type":"ImageObject","inLanguage":"fr-FR","@id":"https:\/\/amhazikaron.org\/fr\/a-propos-de-nous\/histoire-de-linstitut\/#primaryimage","url":"https:\/\/amhazikaron.org\/wp-content\/uploads\/2025\/04\/history-1-clr.jpg","contentUrl":"https:\/\/amhazikaron.org\/wp-content\/uploads\/2025\/04\/history-1-clr.jpg","width":500,"height":333,"caption":"close up of world famous Pisa clock in Piazza dei Cavalieri, Italy"},{"@type":"BreadcrumbList","@id":"https:\/\/amhazikaron.org\/fr\/a-propos-de-nous\/histoire-de-linstitut\/#breadcrumb","itemListElement":[{"@type":"ListItem","position":1,"name":"\u0413\u043b\u0430\u0432\u043d\u0430\u044f \u0441\u0442\u0440\u0430\u043d\u0438\u0446\u0430","item":"https:\/\/amhazikaron.org\/fr\/principal\/"},{"@type":"ListItem","position":2,"name":"A propos de nous","item":"https:\/\/amhazikaron.org\/fr\/a-propos-de-nous\/"},{"@type":"ListItem","position":3,"name":"Histoire de l&#8217;Institut"}]},{"@type":"WebSite","@id":"https:\/\/amhazikaron.org\/fr\/#website","url":"https:\/\/amhazikaron.org\/fr\/","name":"Am haZikaron","description":"\u0418\u043d\u0441\u0442\u0438\u0442\u0443\u0442 \u043d\u0430\u0443\u043a\u0438, \u043a\u0443\u043b\u044c\u0442\u0443\u0440\u044b \u0438 \u043d\u0430\u0441\u043b\u0435\u0434\u0438\u044f \u0435\u0432\u0440\u0435\u0439\u0441\u043a\u043e\u0433\u043e \u043d\u0430\u0440\u043e\u0434\u0430","publisher":{"@id":"https:\/\/amhazikaron.org\/fr\/#organization"},"potentialAction":[{"@type":"SearchAction","target":{"@type":"EntryPoint","urlTemplate":"https:\/\/amhazikaron.org\/fr\/?s={search_term_string}"},"query-input":{"@type":"PropertyValueSpecification","valueRequired":true,"valueName":"search_term_string"}}],"inLanguage":"fr-FR"},{"@type":"Organization","@id":"https:\/\/amhazikaron.org\/fr\/#organization","name":"Am haZikaron","url":"https:\/\/amhazikaron.org\/fr\/","logo":{"@type":"ImageObject","inLanguage":"fr-FR","@id":"https:\/\/amhazikaron.org\/fr\/#\/schema\/logo\/image\/","url":"https:\/\/amhazikaron.org\/wp-content\/uploads\/2025\/04\/logo.svg","contentUrl":"https:\/\/amhazikaron.org\/wp-content\/uploads\/2025\/04\/logo.svg","width":48,"height":48,"caption":"Am haZikaron"},"image":{"@id":"https:\/\/amhazikaron.org\/fr\/#\/schema\/logo\/image\/"},"sameAs":["https:\/\/www.facebook.com\/jewage","https:\/\/x.com\/AmhaZikaron"]}]}},"_links":{"self":[{"href":"https:\/\/amhazikaron.org\/fr\/wp-json\/wp\/v2\/pages\/4986","targetHints":{"allow":["GET"]}}],"collection":[{"href":"https:\/\/amhazikaron.org\/fr\/wp-json\/wp\/v2\/pages"}],"about":[{"href":"https:\/\/amhazikaron.org\/fr\/wp-json\/wp\/v2\/types\/page"}],"author":[{"embeddable":true,"href":"https:\/\/amhazikaron.org\/fr\/wp-json\/wp\/v2\/users\/1"}],"replies":[{"embeddable":true,"href":"https:\/\/amhazikaron.org\/fr\/wp-json\/wp\/v2\/comments?post=4986"}],"version-history":[{"count":1,"href":"https:\/\/amhazikaron.org\/fr\/wp-json\/wp\/v2\/pages\/4986\/revisions"}],"predecessor-version":[{"id":4991,"href":"https:\/\/amhazikaron.org\/fr\/wp-json\/wp\/v2\/pages\/4986\/revisions\/4991"}],"up":[{"embeddable":true,"href":"https:\/\/amhazikaron.org\/fr\/wp-json\/wp\/v2\/pages\/5406"}],"wp:featuredmedia":[{"embeddable":true,"href":"https:\/\/amhazikaron.org\/fr\/wp-json\/wp\/v2\/media\/4987"}],"wp:attachment":[{"href":"https:\/\/amhazikaron.org\/fr\/wp-json\/wp\/v2\/media?parent=4986"}],"curies":[{"name":"wp","href":"https:\/\/api.w.org\/{rel}","templated":true}]}}