{"id":6284,"date":"2025-04-13T15:14:43","date_gmt":"2025-04-13T15:14:43","guid":{"rendered":"https:\/\/amhazikaron.org\/sobre-nosotros\/premios\/"},"modified":"2025-08-15T05:49:35","modified_gmt":"2025-08-15T05:49:35","slug":"premios","status":"publish","type":"page","link":"https:\/\/amhazikaron.org\/es\/sobre-nosotros\/premios\/","title":{"rendered":"Premios"},"content":{"rendered":"\t\t<div data-elementor-type=\"wp-page\" data-elementor-id=\"6284\" class=\"elementor elementor-6284 elementor-84\" data-elementor-post-type=\"page\">\n\t\t\t\t<div class=\"elementor-element elementor-element-64c5cd6 e-flex e-con-boxed e-con e-parent\" data-id=\"64c5cd6\" data-element_type=\"container\" data-e-type=\"container\">\n\t\t\t\t\t<div class=\"e-con-inner\">\n\t\t<div class=\"elementor-element elementor-element-2b88e7f e-con-full e-flex e-con e-child\" data-id=\"2b88e7f\" data-element_type=\"container\" data-e-type=\"container\">\n\t\t\t\t<div class=\"elementor-element elementor-element-7e0ea3d elementor-widget elementor-widget-image\" data-id=\"7e0ea3d\" data-element_type=\"widget\" data-e-type=\"widget\" data-widget_type=\"image.default\">\n\t\t\t\t<div class=\"elementor-widget-container\">\n\t\t\t\t\t\t\t\t\t\t\t\t\t\t\t<img fetchpriority=\"high\" decoding=\"async\" width=\"332\" height=\"418\" src=\"https:\/\/amhazikaron.org\/wp-content\/uploads\/2025\/04\/amz-coat.png\" class=\"attachment-large size-large wp-image-5416\" alt=\"Am haZikaron coat\" srcset=\"https:\/\/amhazikaron.org\/wp-content\/uploads\/2025\/04\/amz-coat.png 332w, https:\/\/amhazikaron.org\/wp-content\/uploads\/2025\/04\/amz-coat-238x300.png 238w\" sizes=\"(max-width: 332px) 100vw, 332px\" \/>\t\t\t\t\t\t\t\t\t\t\t\t\t\t\t<\/div>\n\t\t\t\t<\/div>\n\t\t\t\t<\/div>\n\t\t<div class=\"elementor-element elementor-element-532194a e-con-full e-flex e-con e-child\" data-id=\"532194a\" data-element_type=\"container\" data-e-type=\"container\">\n\t\t\t\t<div class=\"elementor-element elementor-element-beac006 elementor-widget elementor-widget-text-editor\" data-id=\"beac006\" data-element_type=\"widget\" data-e-type=\"widget\" data-widget_type=\"text-editor.default\">\n\t\t\t\t<div class=\"elementor-widget-container\">\n\t\t\t\t\t\t\t\t\t<div class=\"row\"><div class=\"col-10\"><div class=\"part-description\"><p>En 2006, el Instituto finaliz\u00f3 un estudio sobre la historia secular de 63 clanes jud\u00edos, que inclu\u00eda datos sobre miles de individuos. Los datos recopilados permitieron demostrar la constancia de las propiedades dentro de los clanes, lo que aport\u00f3 un enfoque fundamentalmente nuevo a la cuesti\u00f3n de la longevidad y la supervivencia del pueblo jud\u00edo. Los resultados se publicaron en el art\u00edculo <span class=\"in-accent\">\u00abEl pueblo jud\u00edo como fen\u00f3meno de longevidad hist\u00f3rica: hacia la teor\u00eda de los metaclanes y los principios de supervivencia\u00bb.<\/span> El descubrimiento fue reconocido con el Premio Zeiti Yerushalaim (Oliva de Jerusal\u00e9n) y la Medalla a la Contribuci\u00f3n al Pensamiento Jud\u00edo y al Patrimonio Nacional.   <\/p><\/div><\/div><\/div><div class=\"row\"><div class=\"col\"><div class=\"card\"> <\/div><\/div><\/div>\t\t\t\t\t\t\t\t<\/div>\n\t\t\t\t<\/div>\n\t\t\t\t<\/div>\n\t\t\t\t\t<\/div>\n\t\t\t\t<\/div>\n\t\t<div class=\"elementor-element elementor-element-8cb9005 grey_images e-flex e-con-boxed e-con e-parent\" data-id=\"8cb9005\" data-element_type=\"container\" data-e-type=\"container\">\n\t\t\t\t\t<div class=\"e-con-inner\">\n\t\t<div class=\"elementor-element elementor-element-835ca44 e-con-full e-flex e-con e-child\" data-id=\"835ca44\" data-element_type=\"container\" data-e-type=\"container\">\n\t\t\t\t<div class=\"elementor-element elementor-element-3356eb5 elementor-widget elementor-widget-image\" data-id=\"3356eb5\" data-element_type=\"widget\" data-e-type=\"widget\" data-widget_type=\"image.default\">\n\t\t\t\t<div class=\"elementor-widget-container\">\n\t\t\t\t\t\t\t\t\t\t\t\t\t\t\t<img decoding=\"async\" width=\"505\" height=\"469\" src=\"https:\/\/amhazikaron.org\/wp-content\/uploads\/2025\/04\/amz-medal1.png\" class=\"attachment-large size-large wp-image-6286\" alt=\"award Jerusalem medal side 1\" srcset=\"https:\/\/amhazikaron.org\/wp-content\/uploads\/2025\/04\/amz-medal1.png 505w, https:\/\/amhazikaron.org\/wp-content\/uploads\/2025\/04\/amz-medal1-300x279.png 300w\" sizes=\"(max-width: 505px) 100vw, 505px\" \/>\t\t\t\t\t\t\t\t\t\t\t\t\t\t\t<\/div>\n\t\t\t\t<\/div>\n\t\t\t\t<\/div>\n\t\t<div class=\"elementor-element elementor-element-e05a0dc e-con-full e-flex e-con e-child\" data-id=\"e05a0dc\" data-element_type=\"container\" data-e-type=\"container\">\n\t\t\t\t<div class=\"elementor-element elementor-element-e3d3431 elementor-widget elementor-widget-image\" data-id=\"e3d3431\" data-element_type=\"widget\" data-e-type=\"widget\" data-widget_type=\"image.default\">\n\t\t\t\t<div class=\"elementor-widget-container\">\n\t\t\t\t\t\t\t\t\t\t\t\t\t\t\t<img decoding=\"async\" width=\"501\" height=\"461\" src=\"https:\/\/amhazikaron.org\/wp-content\/uploads\/2025\/04\/amz_medal2.png\" class=\"attachment-large size-large wp-image-6287\" alt=\"award Jerusalem medal side 2\" srcset=\"https:\/\/amhazikaron.org\/wp-content\/uploads\/2025\/04\/amz_medal2.png 501w, https:\/\/amhazikaron.org\/wp-content\/uploads\/2025\/04\/amz_medal2-300x276.png 300w\" sizes=\"(max-width: 501px) 100vw, 501px\" \/>\t\t\t\t\t\t\t\t\t\t\t\t\t\t\t<\/div>\n\t\t\t\t<\/div>\n\t\t\t\t<\/div>\n\t\t<div class=\"elementor-element elementor-element-7b7e8ef e-con-full e-flex e-con e-child\" data-id=\"7b7e8ef\" data-element_type=\"container\" data-e-type=\"container\">\n\t\t\t\t<div class=\"elementor-element elementor-element-1adcf08 elementor-widget elementor-widget-image\" data-id=\"1adcf08\" data-element_type=\"widget\" data-e-type=\"widget\" data-widget_type=\"image.default\">\n\t\t\t\t<div class=\"elementor-widget-container\">\n\t\t\t\t\t\t\t\t\t\t\t\t\t\t\t<img loading=\"lazy\" decoding=\"async\" width=\"586\" height=\"842\" src=\"https:\/\/amhazikaron.org\/wp-content\/uploads\/2025\/04\/olive_prize.jpg\" class=\"attachment-large size-large wp-image-6288\" alt=\"Jerusalem medal certificate\" srcset=\"https:\/\/amhazikaron.org\/wp-content\/uploads\/2025\/04\/olive_prize.jpg 586w, https:\/\/amhazikaron.org\/wp-content\/uploads\/2025\/04\/olive_prize-209x300.jpg 209w\" sizes=\"(max-width: 586px) 100vw, 586px\" \/>\t\t\t\t\t\t\t\t\t\t\t\t\t\t\t<\/div>\n\t\t\t\t<\/div>\n\t\t\t\t<\/div>\n\t\t\t\t\t<\/div>\n\t\t\t\t<\/div>\n\t\t\t\t<\/div>\n\t\t","protected":false},"excerpt":{"rendered":"<p>Olivo de Jerusal\u00e9n y Medalla a la Contribuci\u00f3n al Pensamiento Jud\u00edo y al Patrimonio Nacional<\/p>\n","protected":false},"author":1,"featured_media":6285,"parent":5407,"menu_order":0,"comment_status":"closed","ping_status":"closed","template":"","meta":{"_acf_changed":false,"_monsterinsights_skip_tracking":false,"_monsterinsights_sitenote_active":false,"_monsterinsights_sitenote_note":"","_monsterinsights_sitenote_category":0,"footnotes":""},"class_list":["post-6284","page","type-page","status-publish","has-post-thumbnail","hentry"],"acf":[],"yoast_head":"<!-- This site is optimized with the Yoast SEO plugin v27.3 - https:\/\/yoast.com\/product\/yoast-seo-wordpress\/ -->\n<title>Premios - Am haZikaron<\/title>\n<meta name=\"robots\" content=\"index, follow, max-snippet:-1, max-image-preview:large, max-video-preview:-1\" \/>\n<link rel=\"canonical\" href=\"https:\/\/amhazikaron.org\/es\/sobre-nosotros\/premios\/\" \/>\n<meta property=\"og:locale\" content=\"es_ES\" \/>\n<meta property=\"og:type\" content=\"article\" \/>\n<meta property=\"og:title\" content=\"Premios - Am haZikaron\" \/>\n<meta property=\"og:description\" content=\"Olivo de Jerusal\u00e9n y Medalla a la Contribuci\u00f3n al Pensamiento Jud\u00edo y al Patrimonio Nacional\" \/>\n<meta property=\"og:url\" content=\"https:\/\/amhazikaron.org\/es\/sobre-nosotros\/premios\/\" \/>\n<meta property=\"og:site_name\" content=\"Am haZikaron\" \/>\n<meta property=\"article:publisher\" content=\"https:\/\/www.facebook.com\/jewage\" \/>\n<meta property=\"article:modified_time\" content=\"2025-08-15T05:49:35+00:00\" \/>\n<meta property=\"og:image\" content=\"https:\/\/amhazikaron.org\/wp-content\/uploads\/2025\/04\/amz-medal-clr.jpg\" \/>\n\t<meta property=\"og:image:width\" content=\"500\" \/>\n\t<meta property=\"og:image:height\" content=\"333\" \/>\n\t<meta property=\"og:image:type\" content=\"image\/jpeg\" \/>\n<meta name=\"twitter:card\" content=\"summary_large_image\" \/>\n<meta name=\"twitter:site\" content=\"@AmhaZikaron\" \/>\n<meta name=\"twitter:label1\" content=\"Tiempo de lectura\" \/>\n\t<meta name=\"twitter:data1\" content=\"1 minuto\" \/>\n<script type=\"application\/ld+json\" class=\"yoast-schema-graph\">{\"@context\":\"https:\\\/\\\/schema.org\",\"@graph\":[{\"@type\":\"WebPage\",\"@id\":\"https:\\\/\\\/amhazikaron.org\\\/es\\\/sobre-nosotros\\\/premios\\\/\",\"url\":\"https:\\\/\\\/amhazikaron.org\\\/es\\\/sobre-nosotros\\\/premios\\\/\",\"name\":\"Premios - Am haZikaron\",\"isPartOf\":{\"@id\":\"https:\\\/\\\/amhazikaron.org\\\/es\\\/#website\"},\"primaryImageOfPage\":{\"@id\":\"https:\\\/\\\/amhazikaron.org\\\/es\\\/sobre-nosotros\\\/premios\\\/#primaryimage\"},\"image\":{\"@id\":\"https:\\\/\\\/amhazikaron.org\\\/es\\\/sobre-nosotros\\\/premios\\\/#primaryimage\"},\"thumbnailUrl\":\"https:\\\/\\\/amhazikaron.org\\\/wp-content\\\/uploads\\\/2025\\\/04\\\/amz-medal-clr.jpg\",\"datePublished\":\"2025-04-13T15:14:43+00:00\",\"dateModified\":\"2025-08-15T05:49:35+00:00\",\"breadcrumb\":{\"@id\":\"https:\\\/\\\/amhazikaron.org\\\/es\\\/sobre-nosotros\\\/premios\\\/#breadcrumb\"},\"inLanguage\":\"es\",\"potentialAction\":[{\"@type\":\"ReadAction\",\"target\":[\"https:\\\/\\\/amhazikaron.org\\\/es\\\/sobre-nosotros\\\/premios\\\/\"]}]},{\"@type\":\"ImageObject\",\"inLanguage\":\"es\",\"@id\":\"https:\\\/\\\/amhazikaron.org\\\/es\\\/sobre-nosotros\\\/premios\\\/#primaryimage\",\"url\":\"https:\\\/\\\/amhazikaron.org\\\/wp-content\\\/uploads\\\/2025\\\/04\\\/amz-medal-clr.jpg\",\"contentUrl\":\"https:\\\/\\\/amhazikaron.org\\\/wp-content\\\/uploads\\\/2025\\\/04\\\/amz-medal-clr.jpg\",\"width\":500,\"height\":333,\"caption\":\"Jerusalem medal side 1\"},{\"@type\":\"BreadcrumbList\",\"@id\":\"https:\\\/\\\/amhazikaron.org\\\/es\\\/sobre-nosotros\\\/premios\\\/#breadcrumb\",\"itemListElement\":[{\"@type\":\"ListItem\",\"position\":1,\"name\":\"\u0413\u043b\u0430\u0432\u043d\u0430\u044f \u0441\u0442\u0440\u0430\u043d\u0438\u0446\u0430\",\"item\":\"https:\\\/\\\/amhazikaron.org\\\/es\\\/principal\\\/\"},{\"@type\":\"ListItem\",\"position\":2,\"name\":\"Sobre nosotros\",\"item\":\"https:\\\/\\\/amhazikaron.org\\\/es\\\/sobre-nosotros\\\/\"},{\"@type\":\"ListItem\",\"position\":3,\"name\":\"Premios\"}]},{\"@type\":\"WebSite\",\"@id\":\"https:\\\/\\\/amhazikaron.org\\\/es\\\/#website\",\"url\":\"https:\\\/\\\/amhazikaron.org\\\/es\\\/\",\"name\":\"Am haZikaron\",\"description\":\"\u0418\u043d\u0441\u0442\u0438\u0442\u0443\u0442 \u043d\u0430\u0443\u043a\u0438, \u043a\u0443\u043b\u044c\u0442\u0443\u0440\u044b \u0438 \u043d\u0430\u0441\u043b\u0435\u0434\u0438\u044f \u0435\u0432\u0440\u0435\u0439\u0441\u043a\u043e\u0433\u043e \u043d\u0430\u0440\u043e\u0434\u0430\",\"publisher\":{\"@id\":\"https:\\\/\\\/amhazikaron.org\\\/es\\\/#organization\"},\"potentialAction\":[{\"@type\":\"SearchAction\",\"target\":{\"@type\":\"EntryPoint\",\"urlTemplate\":\"https:\\\/\\\/amhazikaron.org\\\/es\\\/?s={search_term_string}\"},\"query-input\":{\"@type\":\"PropertyValueSpecification\",\"valueRequired\":true,\"valueName\":\"search_term_string\"}}],\"inLanguage\":\"es\"},{\"@type\":\"Organization\",\"@id\":\"https:\\\/\\\/amhazikaron.org\\\/es\\\/#organization\",\"name\":\"Am haZikaron\",\"url\":\"https:\\\/\\\/amhazikaron.org\\\/es\\\/\",\"logo\":{\"@type\":\"ImageObject\",\"inLanguage\":\"es\",\"@id\":\"https:\\\/\\\/amhazikaron.org\\\/es\\\/#\\\/schema\\\/logo\\\/image\\\/\",\"url\":\"https:\\\/\\\/amhazikaron.org\\\/wp-content\\\/uploads\\\/2025\\\/04\\\/logo.svg\",\"contentUrl\":\"https:\\\/\\\/amhazikaron.org\\\/wp-content\\\/uploads\\\/2025\\\/04\\\/logo.svg\",\"width\":48,\"height\":48,\"caption\":\"Am haZikaron\"},\"image\":{\"@id\":\"https:\\\/\\\/amhazikaron.org\\\/es\\\/#\\\/schema\\\/logo\\\/image\\\/\"},\"sameAs\":[\"https:\\\/\\\/www.facebook.com\\\/jewage\",\"https:\\\/\\\/x.com\\\/AmhaZikaron\"]}]}<\/script>\n<!-- \/ Yoast SEO plugin. -->","yoast_head_json":{"title":"Premios - Am haZikaron","robots":{"index":"index","follow":"follow","max-snippet":"max-snippet:-1","max-image-preview":"max-image-preview:large","max-video-preview":"max-video-preview:-1"},"canonical":"https:\/\/amhazikaron.org\/es\/sobre-nosotros\/premios\/","og_locale":"es_ES","og_type":"article","og_title":"Premios - Am haZikaron","og_description":"Olivo de Jerusal\u00e9n y Medalla a la Contribuci\u00f3n al Pensamiento Jud\u00edo y al Patrimonio Nacional","og_url":"https:\/\/amhazikaron.org\/es\/sobre-nosotros\/premios\/","og_site_name":"Am haZikaron","article_publisher":"https:\/\/www.facebook.com\/jewage","article_modified_time":"2025-08-15T05:49:35+00:00","og_image":[{"width":500,"height":333,"url":"https:\/\/amhazikaron.org\/wp-content\/uploads\/2025\/04\/amz-medal-clr.jpg","type":"image\/jpeg"}],"twitter_card":"summary_large_image","twitter_site":"@AmhaZikaron","twitter_misc":{"Tiempo de lectura":"1 minuto"},"schema":{"@context":"https:\/\/schema.org","@graph":[{"@type":"WebPage","@id":"https:\/\/amhazikaron.org\/es\/sobre-nosotros\/premios\/","url":"https:\/\/amhazikaron.org\/es\/sobre-nosotros\/premios\/","name":"Premios - Am haZikaron","isPartOf":{"@id":"https:\/\/amhazikaron.org\/es\/#website"},"primaryImageOfPage":{"@id":"https:\/\/amhazikaron.org\/es\/sobre-nosotros\/premios\/#primaryimage"},"image":{"@id":"https:\/\/amhazikaron.org\/es\/sobre-nosotros\/premios\/#primaryimage"},"thumbnailUrl":"https:\/\/amhazikaron.org\/wp-content\/uploads\/2025\/04\/amz-medal-clr.jpg","datePublished":"2025-04-13T15:14:43+00:00","dateModified":"2025-08-15T05:49:35+00:00","breadcrumb":{"@id":"https:\/\/amhazikaron.org\/es\/sobre-nosotros\/premios\/#breadcrumb"},"inLanguage":"es","potentialAction":[{"@type":"ReadAction","target":["https:\/\/amhazikaron.org\/es\/sobre-nosotros\/premios\/"]}]},{"@type":"ImageObject","inLanguage":"es","@id":"https:\/\/amhazikaron.org\/es\/sobre-nosotros\/premios\/#primaryimage","url":"https:\/\/amhazikaron.org\/wp-content\/uploads\/2025\/04\/amz-medal-clr.jpg","contentUrl":"https:\/\/amhazikaron.org\/wp-content\/uploads\/2025\/04\/amz-medal-clr.jpg","width":500,"height":333,"caption":"Jerusalem medal side 1"},{"@type":"BreadcrumbList","@id":"https:\/\/amhazikaron.org\/es\/sobre-nosotros\/premios\/#breadcrumb","itemListElement":[{"@type":"ListItem","position":1,"name":"\u0413\u043b\u0430\u0432\u043d\u0430\u044f \u0441\u0442\u0440\u0430\u043d\u0438\u0446\u0430","item":"https:\/\/amhazikaron.org\/es\/principal\/"},{"@type":"ListItem","position":2,"name":"Sobre nosotros","item":"https:\/\/amhazikaron.org\/es\/sobre-nosotros\/"},{"@type":"ListItem","position":3,"name":"Premios"}]},{"@type":"WebSite","@id":"https:\/\/amhazikaron.org\/es\/#website","url":"https:\/\/amhazikaron.org\/es\/","name":"Am haZikaron","description":"\u0418\u043d\u0441\u0442\u0438\u0442\u0443\u0442 \u043d\u0430\u0443\u043a\u0438, \u043a\u0443\u043b\u044c\u0442\u0443\u0440\u044b \u0438 \u043d\u0430\u0441\u043b\u0435\u0434\u0438\u044f \u0435\u0432\u0440\u0435\u0439\u0441\u043a\u043e\u0433\u043e \u043d\u0430\u0440\u043e\u0434\u0430","publisher":{"@id":"https:\/\/amhazikaron.org\/es\/#organization"},"potentialAction":[{"@type":"SearchAction","target":{"@type":"EntryPoint","urlTemplate":"https:\/\/amhazikaron.org\/es\/?s={search_term_string}"},"query-input":{"@type":"PropertyValueSpecification","valueRequired":true,"valueName":"search_term_string"}}],"inLanguage":"es"},{"@type":"Organization","@id":"https:\/\/amhazikaron.org\/es\/#organization","name":"Am haZikaron","url":"https:\/\/amhazikaron.org\/es\/","logo":{"@type":"ImageObject","inLanguage":"es","@id":"https:\/\/amhazikaron.org\/es\/#\/schema\/logo\/image\/","url":"https:\/\/amhazikaron.org\/wp-content\/uploads\/2025\/04\/logo.svg","contentUrl":"https:\/\/amhazikaron.org\/wp-content\/uploads\/2025\/04\/logo.svg","width":48,"height":48,"caption":"Am haZikaron"},"image":{"@id":"https:\/\/amhazikaron.org\/es\/#\/schema\/logo\/image\/"},"sameAs":["https:\/\/www.facebook.com\/jewage","https:\/\/x.com\/AmhaZikaron"]}]}},"_links":{"self":[{"href":"https:\/\/amhazikaron.org\/es\/wp-json\/wp\/v2\/pages\/6284","targetHints":{"allow":["GET"]}}],"collection":[{"href":"https:\/\/amhazikaron.org\/es\/wp-json\/wp\/v2\/pages"}],"about":[{"href":"https:\/\/amhazikaron.org\/es\/wp-json\/wp\/v2\/types\/page"}],"author":[{"embeddable":true,"href":"https:\/\/amhazikaron.org\/es\/wp-json\/wp\/v2\/users\/1"}],"replies":[{"embeddable":true,"href":"https:\/\/amhazikaron.org\/es\/wp-json\/wp\/v2\/comments?post=6284"}],"version-history":[{"count":1,"href":"https:\/\/amhazikaron.org\/es\/wp-json\/wp\/v2\/pages\/6284\/revisions"}],"predecessor-version":[{"id":6289,"href":"https:\/\/amhazikaron.org\/es\/wp-json\/wp\/v2\/pages\/6284\/revisions\/6289"}],"up":[{"embeddable":true,"href":"https:\/\/amhazikaron.org\/es\/wp-json\/wp\/v2\/pages\/5407"}],"wp:featuredmedia":[{"embeddable":true,"href":"https:\/\/amhazikaron.org\/es\/wp-json\/wp\/v2\/media\/6285"}],"wp:attachment":[{"href":"https:\/\/amhazikaron.org\/es\/wp-json\/wp\/v2\/media?parent=6284"}],"curies":[{"name":"wp","href":"https:\/\/api.w.org\/{rel}","templated":true}]}}