{"id":5391,"date":"2025-04-12T00:45:18","date_gmt":"2025-04-12T00:45:18","guid":{"rendered":"https:\/\/amhazikaron.org\/garantizar-la-accesibilidad\/"},"modified":"2025-12-31T18:42:02","modified_gmt":"2025-12-31T18:42:02","slug":"garantizar-la-accesibilidad","status":"publish","type":"page","link":"https:\/\/amhazikaron.org\/es\/garantizar-la-accesibilidad\/","title":{"rendered":"Garantizar la accesibilidad"},"content":{"rendered":"\t\t<div data-elementor-type=\"wp-page\" data-elementor-id=\"5391\" class=\"elementor elementor-5391 elementor-49\" data-elementor-post-type=\"page\">\n\t\t\t\t<div class=\"elementor-element elementor-element-2dc39c99 e-flex e-con-boxed e-con e-parent\" data-id=\"2dc39c99\" data-element_type=\"container\" data-e-type=\"container\">\n\t\t\t\t\t<div class=\"e-con-inner\">\n\t\t\t\t<div class=\"elementor-element elementor-element-536c60d4 elementor-widget elementor-widget-text-editor\" data-id=\"536c60d4\" data-element_type=\"widget\" data-e-type=\"widget\" data-widget_type=\"text-editor.default\">\n\t\t\t\t<div class=\"elementor-widget-container\">\n\t\t\t\t\t\t\t\t\t\n<p>El Instituto Am haZikaron invierte todos los esfuerzos y recursos posibles para proporcionar a todos sus clientes servicios accesibles y profesionales de la m\u00e1xima calidad. De acuerdo con la \u00abLey de Igualdad de Derechos para las Personas con Discapacidad\u00bb de 1998, y los reglamentos adoptados en virtud de la misma, se han invertido muchos recursos para realizar los ajustes necesarios dentro de la empresa para que las personas con discapacidad puedan recibir de forma independiente y completa los servicios que prestamos.<\/p>\n\n<h2 class=\"wp-block-heading\"><strong>Sitio accesible<\/strong><\/h2>\n\n<p>Un sitio web accesible es un sitio web f\u00e1cil de utilizar para las personas mayores y las personas con discapacidad, es decir, que contiene funcionalidades que permiten nivelar algunas o todas las limitaciones existentes. Seg\u00fan un estudio de Microsoft de 2003, aproximadamente entre el 20% y el 25% de la poblaci\u00f3n tiene dificultades para utilizar Internet, y un contenido web m\u00e1s accesible puede ayudar a las personas con estos problemas. El Instituto Am haZikaron se compromete a crear igualdad de oportunidades en Internet para todos, tanto para las personas con diversas discapacidades como para las que utilizan tecnolog\u00eda de asistencia para utilizar ordenadores.<\/p>\n\n<h3 class=\"wp-block-heading\"><strong>Informaci\u00f3n sobre la accesibilidad del sitio web<\/strong><\/h3>\n\n<p>Este sitio cumple con las normas establecidas en la Ordenanza sobre Igualdad de Derechos para las Personas con Discapacidad (Accesibilidad de los Servicios) de 2013.<\/p>\n\n<ul class=\"wp-block-list\">\n<li>Todas las medidas de accesibilidad se han tomado de acuerdo con las recomendaciones de las normas israel\u00edes (ISR 5568) para contenidos web. La accesibilidad del sitio web cumple el nivel AA y la norma internacional WCAG 2.0.<\/li>\n\n<li>Se realizaron pruebas para garantizar la accesibilidad para el navegador Chrome.<\/li>\n\n<li>Proporciona una estructura sem\u00e1ntica para la tecnolog\u00eda de asistencia y admite una forma est\u00e1ndar de trabajar con el teclado, utilizando las teclas de direcci\u00f3n, la tecla \u00abIntro\u00bb y la tecla \u00abEsc\u00bb para salir de los men\u00fas y ventanas abiertos.<\/li>\n\n<li>Ajuste de la escala del contenido mostrado para facilitar su visualizaci\u00f3n en todos los navegadores populares y en dispositivos m\u00f3viles.<\/li>\n\n<li>Es posible que los documentos o v\u00eddeos subidos al sitio antes de abril de 2023 no est\u00e9n disponibles. Si ve un documento o v\u00eddeo de este tipo, puede ponerse en contacto con nosotros y nos aseguraremos de que pueda abrirlo de nuevo.<\/li>\n\n<li>Ofrecemos a nuestros clientes la oportunidad de recibir informaci\u00f3n en un formato que les resulte c\u00f3modo. La informaci\u00f3n es gratuita y est\u00e1 dise\u00f1ada para personas con discapacidades. Para preguntas e informaci\u00f3n sobre accesibilidad, puede ponerse en contacto con el Coordinador de Accesibilidad de nuestra empresa, cuya informaci\u00f3n de contacto puede encontrarse m\u00e1s adelante en esta declaraci\u00f3n.<\/li>\n\n<li>Para obtener la mejor experiencia de visualizaci\u00f3n mediante el software lector de pantalla, recomendamos utilizar la \u00faltima versi\u00f3n del software NVDA.<\/li>\n<\/ul>\n\n<h2 class=\"wp-block-heading\"><strong>Medios de comunicaci\u00f3n para consultas y solicitudes de mejora de la accesibilidad<\/strong><\/h2>\n\n<p>Trabajamos constantemente para mejorar la accesibilidad de nuestros servicios como parte de nuestro compromiso de ofrecer servicios accesibles al p\u00fablico, incluidas las personas con discapacidad. Si encuentra alg\u00fan problema o dificultad, h\u00e1ganoslo saber y haremos todo lo posible por encontrar una soluci\u00f3n adecuada y resolver su problema lo antes posible.<\/p>\n\n<h3 class=\"wp-block-heading\"><strong>Coordinador de accesibilidad<\/strong><\/h3>\n\n<ul class=\"wp-block-list\">\n<li>Nombre: Evgeny Mednikov<\/li>\n\n<li>Tel\u00e9fono: <a href=\"tel:+972544520187\">+972544520187<\/a><\/li>\n\n<li>Correo electr\u00f3nico: <a href=\"mailto:eugene@mednikov.info\">eugene@mednikov.info<\/a><\/li>\n<\/ul>\n\n<h3 class=\"wp-block-heading\">\u00daltima actualizaci\u00f3n 01.04.2025<\/h3>\n\t\t\t\t\t\t\t\t<\/div>\n\t\t\t\t<\/div>\n\t\t\t\t\t<\/div>\n\t\t\t\t<\/div>\n\t\t\t\t<\/div>\n\t\t","protected":false},"excerpt":{"rendered":"<p>El Instituto Am haZikaron invierte todos los esfuerzos y recursos posibles para proporcionar a todos sus clientes servicios accesibles y profesionales de la m\u00e1xima calidad. De acuerdo con la \u00abLey de Igualdad de Derechos para las Personas con Discapacidad\u00bb de 1998, y los reglamentos adoptados en virtud de la misma, se han invertido muchos recursos [&hellip;]<\/p>\n","protected":false},"author":1,"featured_media":0,"parent":0,"menu_order":0,"comment_status":"closed","ping_status":"closed","template":"","meta":{"_acf_changed":false,"_monsterinsights_skip_tracking":false,"_monsterinsights_sitenote_active":false,"_monsterinsights_sitenote_note":"","_monsterinsights_sitenote_category":0,"footnotes":""},"class_list":["post-5391","page","type-page","status-publish","hentry"],"acf":[],"yoast_head":"<!-- This site is optimized with the Yoast SEO plugin v27.3 - https:\/\/yoast.com\/product\/yoast-seo-wordpress\/ -->\n<title>Garantizar la accesibilidad - Am haZikaron<\/title>\n<meta name=\"robots\" content=\"index, follow, max-snippet:-1, max-image-preview:large, max-video-preview:-1\" \/>\n<link rel=\"canonical\" href=\"https:\/\/amhazikaron.org\/es\/garantizar-la-accesibilidad\/\" \/>\n<meta property=\"og:locale\" content=\"es_ES\" \/>\n<meta property=\"og:type\" content=\"article\" \/>\n<meta property=\"og:title\" content=\"Garantizar la accesibilidad - Am haZikaron\" \/>\n<meta property=\"og:description\" content=\"El Instituto Am haZikaron invierte todos los esfuerzos y recursos posibles para proporcionar a todos sus clientes servicios accesibles y profesionales de la m\u00e1xima calidad. De acuerdo con la \u00abLey de Igualdad de Derechos para las Personas con Discapacidad\u00bb de 1998, y los reglamentos adoptados en virtud de la misma, se han invertido muchos recursos [&hellip;]\" \/>\n<meta property=\"og:url\" content=\"https:\/\/amhazikaron.org\/es\/garantizar-la-accesibilidad\/\" \/>\n<meta property=\"og:site_name\" content=\"Am haZikaron\" \/>\n<meta property=\"article:publisher\" content=\"https:\/\/www.facebook.com\/jewage\" \/>\n<meta property=\"article:modified_time\" content=\"2025-12-31T18:42:02+00:00\" \/>\n<meta name=\"twitter:card\" content=\"summary_large_image\" \/>\n<meta name=\"twitter:site\" content=\"@AmhaZikaron\" \/>\n<meta name=\"twitter:label1\" content=\"Tiempo de lectura\" \/>\n\t<meta name=\"twitter:data1\" content=\"3 minutos\" \/>\n<script type=\"application\/ld+json\" class=\"yoast-schema-graph\">{\"@context\":\"https:\\\/\\\/schema.org\",\"@graph\":[{\"@type\":\"WebPage\",\"@id\":\"https:\\\/\\\/amhazikaron.org\\\/es\\\/garantizar-la-accesibilidad\\\/\",\"url\":\"https:\\\/\\\/amhazikaron.org\\\/es\\\/garantizar-la-accesibilidad\\\/\",\"name\":\"Garantizar la accesibilidad - Am haZikaron\",\"isPartOf\":{\"@id\":\"https:\\\/\\\/amhazikaron.org\\\/es\\\/#website\"},\"datePublished\":\"2025-04-12T00:45:18+00:00\",\"dateModified\":\"2025-12-31T18:42:02+00:00\",\"breadcrumb\":{\"@id\":\"https:\\\/\\\/amhazikaron.org\\\/es\\\/garantizar-la-accesibilidad\\\/#breadcrumb\"},\"inLanguage\":\"es\",\"potentialAction\":[{\"@type\":\"ReadAction\",\"target\":[\"https:\\\/\\\/amhazikaron.org\\\/es\\\/garantizar-la-accesibilidad\\\/\"]}]},{\"@type\":\"BreadcrumbList\",\"@id\":\"https:\\\/\\\/amhazikaron.org\\\/es\\\/garantizar-la-accesibilidad\\\/#breadcrumb\",\"itemListElement\":[{\"@type\":\"ListItem\",\"position\":1,\"name\":\"\u0413\u043b\u0430\u0432\u043d\u0430\u044f \u0441\u0442\u0440\u0430\u043d\u0438\u0446\u0430\",\"item\":\"https:\\\/\\\/amhazikaron.org\\\/es\\\/principal\\\/\"},{\"@type\":\"ListItem\",\"position\":2,\"name\":\"Garantizar la accesibilidad\"}]},{\"@type\":\"WebSite\",\"@id\":\"https:\\\/\\\/amhazikaron.org\\\/es\\\/#website\",\"url\":\"https:\\\/\\\/amhazikaron.org\\\/es\\\/\",\"name\":\"Am haZikaron\",\"description\":\"\u0418\u043d\u0441\u0442\u0438\u0442\u0443\u0442 \u043d\u0430\u0443\u043a\u0438, \u043a\u0443\u043b\u044c\u0442\u0443\u0440\u044b \u0438 \u043d\u0430\u0441\u043b\u0435\u0434\u0438\u044f \u0435\u0432\u0440\u0435\u0439\u0441\u043a\u043e\u0433\u043e \u043d\u0430\u0440\u043e\u0434\u0430\",\"publisher\":{\"@id\":\"https:\\\/\\\/amhazikaron.org\\\/es\\\/#organization\"},\"potentialAction\":[{\"@type\":\"SearchAction\",\"target\":{\"@type\":\"EntryPoint\",\"urlTemplate\":\"https:\\\/\\\/amhazikaron.org\\\/es\\\/?s={search_term_string}\"},\"query-input\":{\"@type\":\"PropertyValueSpecification\",\"valueRequired\":true,\"valueName\":\"search_term_string\"}}],\"inLanguage\":\"es\"},{\"@type\":\"Organization\",\"@id\":\"https:\\\/\\\/amhazikaron.org\\\/es\\\/#organization\",\"name\":\"Am haZikaron\",\"url\":\"https:\\\/\\\/amhazikaron.org\\\/es\\\/\",\"logo\":{\"@type\":\"ImageObject\",\"inLanguage\":\"es\",\"@id\":\"https:\\\/\\\/amhazikaron.org\\\/es\\\/#\\\/schema\\\/logo\\\/image\\\/\",\"url\":\"https:\\\/\\\/amhazikaron.org\\\/wp-content\\\/uploads\\\/2025\\\/04\\\/logo.svg\",\"contentUrl\":\"https:\\\/\\\/amhazikaron.org\\\/wp-content\\\/uploads\\\/2025\\\/04\\\/logo.svg\",\"width\":48,\"height\":48,\"caption\":\"Am haZikaron\"},\"image\":{\"@id\":\"https:\\\/\\\/amhazikaron.org\\\/es\\\/#\\\/schema\\\/logo\\\/image\\\/\"},\"sameAs\":[\"https:\\\/\\\/www.facebook.com\\\/jewage\",\"https:\\\/\\\/x.com\\\/AmhaZikaron\"]}]}<\/script>\n<!-- \/ Yoast SEO plugin. -->","yoast_head_json":{"title":"Garantizar la accesibilidad - Am haZikaron","robots":{"index":"index","follow":"follow","max-snippet":"max-snippet:-1","max-image-preview":"max-image-preview:large","max-video-preview":"max-video-preview:-1"},"canonical":"https:\/\/amhazikaron.org\/es\/garantizar-la-accesibilidad\/","og_locale":"es_ES","og_type":"article","og_title":"Garantizar la accesibilidad - Am haZikaron","og_description":"El Instituto Am haZikaron invierte todos los esfuerzos y recursos posibles para proporcionar a todos sus clientes servicios accesibles y profesionales de la m\u00e1xima calidad. De acuerdo con la \u00abLey de Igualdad de Derechos para las Personas con Discapacidad\u00bb de 1998, y los reglamentos adoptados en virtud de la misma, se han invertido muchos recursos [&hellip;]","og_url":"https:\/\/amhazikaron.org\/es\/garantizar-la-accesibilidad\/","og_site_name":"Am haZikaron","article_publisher":"https:\/\/www.facebook.com\/jewage","article_modified_time":"2025-12-31T18:42:02+00:00","twitter_card":"summary_large_image","twitter_site":"@AmhaZikaron","twitter_misc":{"Tiempo de lectura":"3 minutos"},"schema":{"@context":"https:\/\/schema.org","@graph":[{"@type":"WebPage","@id":"https:\/\/amhazikaron.org\/es\/garantizar-la-accesibilidad\/","url":"https:\/\/amhazikaron.org\/es\/garantizar-la-accesibilidad\/","name":"Garantizar la accesibilidad - Am haZikaron","isPartOf":{"@id":"https:\/\/amhazikaron.org\/es\/#website"},"datePublished":"2025-04-12T00:45:18+00:00","dateModified":"2025-12-31T18:42:02+00:00","breadcrumb":{"@id":"https:\/\/amhazikaron.org\/es\/garantizar-la-accesibilidad\/#breadcrumb"},"inLanguage":"es","potentialAction":[{"@type":"ReadAction","target":["https:\/\/amhazikaron.org\/es\/garantizar-la-accesibilidad\/"]}]},{"@type":"BreadcrumbList","@id":"https:\/\/amhazikaron.org\/es\/garantizar-la-accesibilidad\/#breadcrumb","itemListElement":[{"@type":"ListItem","position":1,"name":"\u0413\u043b\u0430\u0432\u043d\u0430\u044f \u0441\u0442\u0440\u0430\u043d\u0438\u0446\u0430","item":"https:\/\/amhazikaron.org\/es\/principal\/"},{"@type":"ListItem","position":2,"name":"Garantizar la accesibilidad"}]},{"@type":"WebSite","@id":"https:\/\/amhazikaron.org\/es\/#website","url":"https:\/\/amhazikaron.org\/es\/","name":"Am haZikaron","description":"\u0418\u043d\u0441\u0442\u0438\u0442\u0443\u0442 \u043d\u0430\u0443\u043a\u0438, \u043a\u0443\u043b\u044c\u0442\u0443\u0440\u044b \u0438 \u043d\u0430\u0441\u043b\u0435\u0434\u0438\u044f \u0435\u0432\u0440\u0435\u0439\u0441\u043a\u043e\u0433\u043e \u043d\u0430\u0440\u043e\u0434\u0430","publisher":{"@id":"https:\/\/amhazikaron.org\/es\/#organization"},"potentialAction":[{"@type":"SearchAction","target":{"@type":"EntryPoint","urlTemplate":"https:\/\/amhazikaron.org\/es\/?s={search_term_string}"},"query-input":{"@type":"PropertyValueSpecification","valueRequired":true,"valueName":"search_term_string"}}],"inLanguage":"es"},{"@type":"Organization","@id":"https:\/\/amhazikaron.org\/es\/#organization","name":"Am haZikaron","url":"https:\/\/amhazikaron.org\/es\/","logo":{"@type":"ImageObject","inLanguage":"es","@id":"https:\/\/amhazikaron.org\/es\/#\/schema\/logo\/image\/","url":"https:\/\/amhazikaron.org\/wp-content\/uploads\/2025\/04\/logo.svg","contentUrl":"https:\/\/amhazikaron.org\/wp-content\/uploads\/2025\/04\/logo.svg","width":48,"height":48,"caption":"Am haZikaron"},"image":{"@id":"https:\/\/amhazikaron.org\/es\/#\/schema\/logo\/image\/"},"sameAs":["https:\/\/www.facebook.com\/jewage","https:\/\/x.com\/AmhaZikaron"]}]}},"_links":{"self":[{"href":"https:\/\/amhazikaron.org\/es\/wp-json\/wp\/v2\/pages\/5391","targetHints":{"allow":["GET"]}}],"collection":[{"href":"https:\/\/amhazikaron.org\/es\/wp-json\/wp\/v2\/pages"}],"about":[{"href":"https:\/\/amhazikaron.org\/es\/wp-json\/wp\/v2\/types\/page"}],"author":[{"embeddable":true,"href":"https:\/\/amhazikaron.org\/es\/wp-json\/wp\/v2\/users\/1"}],"replies":[{"embeddable":true,"href":"https:\/\/amhazikaron.org\/es\/wp-json\/wp\/v2\/comments?post=5391"}],"version-history":[{"count":4,"href":"https:\/\/amhazikaron.org\/es\/wp-json\/wp\/v2\/pages\/5391\/revisions"}],"predecessor-version":[{"id":8448,"href":"https:\/\/amhazikaron.org\/es\/wp-json\/wp\/v2\/pages\/5391\/revisions\/8448"}],"wp:attachment":[{"href":"https:\/\/amhazikaron.org\/es\/wp-json\/wp\/v2\/media?parent=5391"}],"curies":[{"name":"wp","href":"https:\/\/api.w.org\/{rel}","templated":true}]}}