{"id":5115,"date":"2025-04-12T00:45:18","date_gmt":"2025-04-12T00:45:18","guid":{"rendered":"https:\/\/amhazikaron.org\/sicherstellung-der-zuganglichkeit\/"},"modified":"2025-12-31T18:41:30","modified_gmt":"2025-12-31T18:41:30","slug":"sicherstellung-der-zuganglichkeit","status":"publish","type":"page","link":"https:\/\/amhazikaron.org\/de\/sicherstellung-der-zuganglichkeit\/","title":{"rendered":"Sicherstellung der Zug\u00e4nglichkeit"},"content":{"rendered":"\t\t<div data-elementor-type=\"wp-page\" data-elementor-id=\"5115\" class=\"elementor elementor-5115 elementor-49\" data-elementor-post-type=\"page\">\n\t\t\t\t<div class=\"elementor-element elementor-element-59e75f0e e-flex e-con-boxed e-con e-parent\" data-id=\"59e75f0e\" data-element_type=\"container\" data-e-type=\"container\">\n\t\t\t\t\t<div class=\"e-con-inner\">\n\t\t\t\t<div class=\"elementor-element elementor-element-40e46392 elementor-widget elementor-widget-text-editor\" data-id=\"40e46392\" data-element_type=\"widget\" data-e-type=\"widget\" data-widget_type=\"text-editor.default\">\n\t\t\t\t<div class=\"elementor-widget-container\">\n\t\t\t\t\t\t\t\t\t\n<p>Das Institut Am haZikaron investiert alle m\u00f6glichen Anstrengungen und Ressourcen, um all seinen Kunden barrierefreie, professionelle Dienstleistungen von h\u00f6chster Qualit\u00e4t zu bieten. In \u00dcbereinstimmung mit dem &#8222;Equal Rights for Persons with Disabilities Act&#8220; von 1998 und den dazu erlassenen Vorschriften wurden viele Ressourcen investiert, um die notwendigen Anpassungen innerhalb des Unternehmens vorzunehmen, damit Menschen mit Behinderungen die von uns angebotenen Dienstleistungen unabh\u00e4ngig und vollst\u00e4ndig in Anspruch nehmen k\u00f6nnen.<\/p>\n\n<h2 class=\"wp-block-heading\"><strong>Zug\u00e4ngliche Website<\/strong><\/h2>\n\n<p>Eine zug\u00e4ngliche Website ist eine Website, die f\u00fcr \u00e4ltere Menschen und Menschen mit Behinderungen einfach zu nutzen ist, d.h. die Funktionen enth\u00e4lt, mit denen einige oder alle bestehenden Einschr\u00e4nkungen ausgeglichen werden k\u00f6nnen. Laut einer Microsoft-Studie aus dem Jahr 2003 haben etwa 20 bis 25 Prozent der Bev\u00f6lkerung Schwierigkeiten bei der Nutzung des Internets, und besser zug\u00e4ngliche Webinhalte k\u00f6nnen Menschen mit diesen Problemen helfen. Das Am haZikaron Institut setzt sich daf\u00fcr ein, gleiche Chancen im Internet f\u00fcr alle zu schaffen, sowohl f\u00fcr Menschen mit verschiedenen Behinderungen als auch f\u00fcr diejenigen, die Hilfsmittel zur Nutzung von Computern verwenden.<\/p>\n\n<h3 class=\"wp-block-heading\"><strong>Informationen zur Zug\u00e4nglichkeit der Website<\/strong><\/h3>\n\n<p>Diese Website entspricht den Standards, die in der Verordnung \u00fcber die Gleichberechtigung von Menschen mit Behinderungen (Zug\u00e4nglichmachung von Dienstleistungen) von 2013 festgelegt sind.<\/p>\n\n<ul class=\"wp-block-list\">\n<li>Alle Ma\u00dfnahmen zur Barrierefreiheit wurden in \u00dcbereinstimmung mit den Empfehlungen der israelischen Standards (ISR 5568) f\u00fcr Webinhalte getroffen. Die Zug\u00e4nglichkeit der Website entspricht der Stufe AA und dem internationalen Standard WCAG 2.0.<\/li>\n\n<li>Die Tests wurden durchgef\u00fchrt, um die Zug\u00e4nglichkeit f\u00fcr den Chrome-Browser zu gew\u00e4hrleisten.<\/li>\n\n<li>Die Website bietet eine semantische Struktur f\u00fcr Hilfstechnologien und unterst\u00fctzt eine standardm\u00e4\u00dfige Arbeitsweise mit der Tastatur, bei der die Pfeiltasten, die &#8222;Enter&#8220;-Taste und die &#8222;Esc&#8220;-Taste zum Verlassen ge\u00f6ffneter Men\u00fcs und Fenster verwendet werden.<\/li>\n\n<li>Anpassung der Skalierung des angezeigten Inhalts zur einfachen Anzeige in allen g\u00e4ngigen Browsern und auf mobilen Ger\u00e4ten.<\/li>\n\n<li>Dokumente oder Videos, die vor April 2023 auf die Website hochgeladen wurden, sind m\u00f6glicherweise nicht mehr verf\u00fcgbar. Wenn Sie ein solches Dokument oder Video sehen, k\u00f6nnen Sie uns kontaktieren und wir werden daf\u00fcr sorgen, dass Sie es wieder \u00f6ffnen k\u00f6nnen.<\/li>\n\n<li>Wir bieten unseren Kunden die M\u00f6glichkeit, Informationen in einem Format zu erhalten, das f\u00fcr sie bequem ist. Die Informationen sind kostenlos und f\u00fcr Menschen mit Behinderungen geeignet. F\u00fcr Fragen und Informationen zur Barrierefreiheit k\u00f6nnen Sie sich an den Barrierefreiheits-Koordinator in unserem Unternehmen wenden, dessen Kontaktinformationen Sie weiter unten in dieser Erkl\u00e4rung finden.<\/li>\n\n<li>F\u00fcr ein optimales Anzeigeerlebnis mit einer Bildschirmlesesoftware empfehlen wir die Verwendung der neuesten Version der NVDA-Software.<\/li>\n<\/ul>\n\n<h2 class=\"wp-block-heading\"><strong>Kommunikationsmittel f\u00fcr Anfragen und Antr\u00e4ge zur Verbesserung der Zug\u00e4nglichkeit<\/strong><\/h2>\n\n<p>Wir arbeiten st\u00e4ndig daran, die Zug\u00e4nglichkeit unserer Dienste zu verbessern. Dies ist Teil unserer Verpflichtung, der \u00d6ffentlichkeit, einschlie\u00dflich Menschen mit Behinderungen, zug\u00e4ngliche Dienste anzubieten. Sollten Sie auf ein Problem oder eine Schwierigkeit sto\u00dfen, lassen Sie es uns wissen und wir werden unser Bestes tun, um eine geeignete L\u00f6sung zu finden und Ihr Problem so schnell wie m\u00f6glich zu l\u00f6sen.<\/p>\n\n<h3 class=\"wp-block-heading\"><strong>Koordinator f\u00fcr Barrierefreiheit<\/strong><\/h3>\n\n<ul class=\"wp-block-list\">\n<li>Name: Evgeny Mednikov<\/li>\n\n<li>Telefon: <a href=\"tel:+972544520187\">+972544520187<\/a><\/li>\n\n<li>E-Mail: <a href=\"mailto:eugene@mednikov.info\">eugene@mednikov.info<\/a><\/li>\n<\/ul>\n\n<h3 class=\"wp-block-heading\">Letzte Aktualisierung 01.04.2025<\/h3>\n\t\t\t\t\t\t\t\t<\/div>\n\t\t\t\t<\/div>\n\t\t\t\t\t<\/div>\n\t\t\t\t<\/div>\n\t\t\t\t<\/div>\n\t\t","protected":false},"excerpt":{"rendered":"<p>Das Institut Am haZikaron investiert alle m\u00f6glichen Anstrengungen und Ressourcen, um all seinen Kunden barrierefreie, professionelle Dienstleistungen von h\u00f6chster Qualit\u00e4t zu bieten. In \u00dcbereinstimmung mit dem &#8222;Equal Rights for Persons with Disabilities Act&#8220; von 1998 und den dazu erlassenen Vorschriften wurden viele Ressourcen investiert, um die notwendigen Anpassungen innerhalb des Unternehmens vorzunehmen, damit Menschen mit [&hellip;]<\/p>\n","protected":false},"author":1,"featured_media":0,"parent":0,"menu_order":0,"comment_status":"closed","ping_status":"closed","template":"","meta":{"_acf_changed":false,"_monsterinsights_skip_tracking":false,"_monsterinsights_sitenote_active":false,"_monsterinsights_sitenote_note":"","_monsterinsights_sitenote_category":0,"footnotes":""},"class_list":["post-5115","page","type-page","status-publish","hentry"],"acf":[],"yoast_head":"<!-- This site is optimized with the Yoast SEO plugin v27.3 - https:\/\/yoast.com\/product\/yoast-seo-wordpress\/ -->\n<title>Sicherstellung der Zug\u00e4nglichkeit - Am haZikaron<\/title>\n<meta name=\"robots\" content=\"index, follow, max-snippet:-1, max-image-preview:large, max-video-preview:-1\" \/>\n<link rel=\"canonical\" href=\"https:\/\/amhazikaron.org\/de\/sicherstellung-der-zuganglichkeit\/\" \/>\n<meta property=\"og:locale\" content=\"de_DE\" \/>\n<meta property=\"og:type\" content=\"article\" \/>\n<meta property=\"og:title\" content=\"Sicherstellung der Zug\u00e4nglichkeit - Am haZikaron\" \/>\n<meta property=\"og:description\" content=\"Das Institut Am haZikaron investiert alle m\u00f6glichen Anstrengungen und Ressourcen, um all seinen Kunden barrierefreie, professionelle Dienstleistungen von h\u00f6chster Qualit\u00e4t zu bieten. In \u00dcbereinstimmung mit dem &#8222;Equal Rights for Persons with Disabilities Act&#8220; von 1998 und den dazu erlassenen Vorschriften wurden viele Ressourcen investiert, um die notwendigen Anpassungen innerhalb des Unternehmens vorzunehmen, damit Menschen mit [&hellip;]\" \/>\n<meta property=\"og:url\" content=\"https:\/\/amhazikaron.org\/de\/sicherstellung-der-zuganglichkeit\/\" \/>\n<meta property=\"og:site_name\" content=\"Am haZikaron\" \/>\n<meta property=\"article:publisher\" content=\"https:\/\/www.facebook.com\/jewage\" \/>\n<meta property=\"article:modified_time\" content=\"2025-12-31T18:41:30+00:00\" \/>\n<meta name=\"twitter:card\" content=\"summary_large_image\" \/>\n<meta name=\"twitter:site\" content=\"@AmhaZikaron\" \/>\n<meta name=\"twitter:label1\" content=\"Gesch\u00e4tzte Lesezeit\" \/>\n\t<meta name=\"twitter:data1\" content=\"3\u00a0Minuten\" \/>\n<script type=\"application\/ld+json\" class=\"yoast-schema-graph\">{\"@context\":\"https:\\\/\\\/schema.org\",\"@graph\":[{\"@type\":\"WebPage\",\"@id\":\"https:\\\/\\\/amhazikaron.org\\\/de\\\/sicherstellung-der-zuganglichkeit\\\/\",\"url\":\"https:\\\/\\\/amhazikaron.org\\\/de\\\/sicherstellung-der-zuganglichkeit\\\/\",\"name\":\"Sicherstellung der Zug\u00e4nglichkeit - Am haZikaron\",\"isPartOf\":{\"@id\":\"https:\\\/\\\/amhazikaron.org\\\/de\\\/#website\"},\"datePublished\":\"2025-04-12T00:45:18+00:00\",\"dateModified\":\"2025-12-31T18:41:30+00:00\",\"breadcrumb\":{\"@id\":\"https:\\\/\\\/amhazikaron.org\\\/de\\\/sicherstellung-der-zuganglichkeit\\\/#breadcrumb\"},\"inLanguage\":\"de\",\"potentialAction\":[{\"@type\":\"ReadAction\",\"target\":[\"https:\\\/\\\/amhazikaron.org\\\/de\\\/sicherstellung-der-zuganglichkeit\\\/\"]}]},{\"@type\":\"BreadcrumbList\",\"@id\":\"https:\\\/\\\/amhazikaron.org\\\/de\\\/sicherstellung-der-zuganglichkeit\\\/#breadcrumb\",\"itemListElement\":[{\"@type\":\"ListItem\",\"position\":1,\"name\":\"\u0413\u043b\u0430\u0432\u043d\u0430\u044f \u0441\u0442\u0440\u0430\u043d\u0438\u0446\u0430\",\"item\":\"https:\\\/\\\/amhazikaron.org\\\/de\\\/home\\\/\"},{\"@type\":\"ListItem\",\"position\":2,\"name\":\"Sicherstellung der Zug\u00e4nglichkeit\"}]},{\"@type\":\"WebSite\",\"@id\":\"https:\\\/\\\/amhazikaron.org\\\/de\\\/#website\",\"url\":\"https:\\\/\\\/amhazikaron.org\\\/de\\\/\",\"name\":\"Am haZikaron\",\"description\":\"\u0418\u043d\u0441\u0442\u0438\u0442\u0443\u0442 \u043d\u0430\u0443\u043a\u0438, \u043a\u0443\u043b\u044c\u0442\u0443\u0440\u044b \u0438 \u043d\u0430\u0441\u043b\u0435\u0434\u0438\u044f \u0435\u0432\u0440\u0435\u0439\u0441\u043a\u043e\u0433\u043e \u043d\u0430\u0440\u043e\u0434\u0430\",\"publisher\":{\"@id\":\"https:\\\/\\\/amhazikaron.org\\\/de\\\/#organization\"},\"potentialAction\":[{\"@type\":\"SearchAction\",\"target\":{\"@type\":\"EntryPoint\",\"urlTemplate\":\"https:\\\/\\\/amhazikaron.org\\\/de\\\/?s={search_term_string}\"},\"query-input\":{\"@type\":\"PropertyValueSpecification\",\"valueRequired\":true,\"valueName\":\"search_term_string\"}}],\"inLanguage\":\"de\"},{\"@type\":\"Organization\",\"@id\":\"https:\\\/\\\/amhazikaron.org\\\/de\\\/#organization\",\"name\":\"Am haZikaron\",\"url\":\"https:\\\/\\\/amhazikaron.org\\\/de\\\/\",\"logo\":{\"@type\":\"ImageObject\",\"inLanguage\":\"de\",\"@id\":\"https:\\\/\\\/amhazikaron.org\\\/de\\\/#\\\/schema\\\/logo\\\/image\\\/\",\"url\":\"https:\\\/\\\/amhazikaron.org\\\/wp-content\\\/uploads\\\/2025\\\/04\\\/logo.svg\",\"contentUrl\":\"https:\\\/\\\/amhazikaron.org\\\/wp-content\\\/uploads\\\/2025\\\/04\\\/logo.svg\",\"width\":48,\"height\":48,\"caption\":\"Am haZikaron\"},\"image\":{\"@id\":\"https:\\\/\\\/amhazikaron.org\\\/de\\\/#\\\/schema\\\/logo\\\/image\\\/\"},\"sameAs\":[\"https:\\\/\\\/www.facebook.com\\\/jewage\",\"https:\\\/\\\/x.com\\\/AmhaZikaron\"]}]}<\/script>\n<!-- \/ Yoast SEO plugin. -->","yoast_head_json":{"title":"Sicherstellung der Zug\u00e4nglichkeit - Am haZikaron","robots":{"index":"index","follow":"follow","max-snippet":"max-snippet:-1","max-image-preview":"max-image-preview:large","max-video-preview":"max-video-preview:-1"},"canonical":"https:\/\/amhazikaron.org\/de\/sicherstellung-der-zuganglichkeit\/","og_locale":"de_DE","og_type":"article","og_title":"Sicherstellung der Zug\u00e4nglichkeit - Am haZikaron","og_description":"Das Institut Am haZikaron investiert alle m\u00f6glichen Anstrengungen und Ressourcen, um all seinen Kunden barrierefreie, professionelle Dienstleistungen von h\u00f6chster Qualit\u00e4t zu bieten. In \u00dcbereinstimmung mit dem &#8222;Equal Rights for Persons with Disabilities Act&#8220; von 1998 und den dazu erlassenen Vorschriften wurden viele Ressourcen investiert, um die notwendigen Anpassungen innerhalb des Unternehmens vorzunehmen, damit Menschen mit [&hellip;]","og_url":"https:\/\/amhazikaron.org\/de\/sicherstellung-der-zuganglichkeit\/","og_site_name":"Am haZikaron","article_publisher":"https:\/\/www.facebook.com\/jewage","article_modified_time":"2025-12-31T18:41:30+00:00","twitter_card":"summary_large_image","twitter_site":"@AmhaZikaron","twitter_misc":{"Gesch\u00e4tzte Lesezeit":"3\u00a0Minuten"},"schema":{"@context":"https:\/\/schema.org","@graph":[{"@type":"WebPage","@id":"https:\/\/amhazikaron.org\/de\/sicherstellung-der-zuganglichkeit\/","url":"https:\/\/amhazikaron.org\/de\/sicherstellung-der-zuganglichkeit\/","name":"Sicherstellung der Zug\u00e4nglichkeit - Am haZikaron","isPartOf":{"@id":"https:\/\/amhazikaron.org\/de\/#website"},"datePublished":"2025-04-12T00:45:18+00:00","dateModified":"2025-12-31T18:41:30+00:00","breadcrumb":{"@id":"https:\/\/amhazikaron.org\/de\/sicherstellung-der-zuganglichkeit\/#breadcrumb"},"inLanguage":"de","potentialAction":[{"@type":"ReadAction","target":["https:\/\/amhazikaron.org\/de\/sicherstellung-der-zuganglichkeit\/"]}]},{"@type":"BreadcrumbList","@id":"https:\/\/amhazikaron.org\/de\/sicherstellung-der-zuganglichkeit\/#breadcrumb","itemListElement":[{"@type":"ListItem","position":1,"name":"\u0413\u043b\u0430\u0432\u043d\u0430\u044f \u0441\u0442\u0440\u0430\u043d\u0438\u0446\u0430","item":"https:\/\/amhazikaron.org\/de\/home\/"},{"@type":"ListItem","position":2,"name":"Sicherstellung der Zug\u00e4nglichkeit"}]},{"@type":"WebSite","@id":"https:\/\/amhazikaron.org\/de\/#website","url":"https:\/\/amhazikaron.org\/de\/","name":"Am haZikaron","description":"\u0418\u043d\u0441\u0442\u0438\u0442\u0443\u0442 \u043d\u0430\u0443\u043a\u0438, \u043a\u0443\u043b\u044c\u0442\u0443\u0440\u044b \u0438 \u043d\u0430\u0441\u043b\u0435\u0434\u0438\u044f \u0435\u0432\u0440\u0435\u0439\u0441\u043a\u043e\u0433\u043e \u043d\u0430\u0440\u043e\u0434\u0430","publisher":{"@id":"https:\/\/amhazikaron.org\/de\/#organization"},"potentialAction":[{"@type":"SearchAction","target":{"@type":"EntryPoint","urlTemplate":"https:\/\/amhazikaron.org\/de\/?s={search_term_string}"},"query-input":{"@type":"PropertyValueSpecification","valueRequired":true,"valueName":"search_term_string"}}],"inLanguage":"de"},{"@type":"Organization","@id":"https:\/\/amhazikaron.org\/de\/#organization","name":"Am haZikaron","url":"https:\/\/amhazikaron.org\/de\/","logo":{"@type":"ImageObject","inLanguage":"de","@id":"https:\/\/amhazikaron.org\/de\/#\/schema\/logo\/image\/","url":"https:\/\/amhazikaron.org\/wp-content\/uploads\/2025\/04\/logo.svg","contentUrl":"https:\/\/amhazikaron.org\/wp-content\/uploads\/2025\/04\/logo.svg","width":48,"height":48,"caption":"Am haZikaron"},"image":{"@id":"https:\/\/amhazikaron.org\/de\/#\/schema\/logo\/image\/"},"sameAs":["https:\/\/www.facebook.com\/jewage","https:\/\/x.com\/AmhaZikaron"]}]}},"_links":{"self":[{"href":"https:\/\/amhazikaron.org\/de\/wp-json\/wp\/v2\/pages\/5115","targetHints":{"allow":["GET"]}}],"collection":[{"href":"https:\/\/amhazikaron.org\/de\/wp-json\/wp\/v2\/pages"}],"about":[{"href":"https:\/\/amhazikaron.org\/de\/wp-json\/wp\/v2\/types\/page"}],"author":[{"embeddable":true,"href":"https:\/\/amhazikaron.org\/de\/wp-json\/wp\/v2\/users\/1"}],"replies":[{"embeddable":true,"href":"https:\/\/amhazikaron.org\/de\/wp-json\/wp\/v2\/comments?post=5115"}],"version-history":[{"count":4,"href":"https:\/\/amhazikaron.org\/de\/wp-json\/wp\/v2\/pages\/5115\/revisions"}],"predecessor-version":[{"id":8445,"href":"https:\/\/amhazikaron.org\/de\/wp-json\/wp\/v2\/pages\/5115\/revisions\/8445"}],"wp:attachment":[{"href":"https:\/\/amhazikaron.org\/de\/wp-json\/wp\/v2\/media?parent=5115"}],"curies":[{"name":"wp","href":"https:\/\/api.w.org\/{rel}","templated":true}]}}