{"id":5031,"date":"2025-04-13T15:12:26","date_gmt":"2025-04-13T15:12:26","guid":{"rendered":"https:\/\/amhazikaron.org\/auftrag-des-instituts\/"},"modified":"2025-08-15T05:40:28","modified_gmt":"2025-08-15T05:40:28","slug":"auftrag-des-instituts","status":"publish","type":"page","link":"https:\/\/amhazikaron.org\/de\/uber-uns\/auftrag-des-instituts\/","title":{"rendered":"Auftrag des Instituts"},"content":{"rendered":"\t\t<div data-elementor-type=\"wp-page\" data-elementor-id=\"5031\" class=\"elementor elementor-5031 elementor-74\" data-elementor-post-type=\"page\">\n\t\t\t\t<div class=\"elementor-element elementor-element-09de168 e-con-full e-flex e-con e-parent\" data-id=\"09de168\" data-element_type=\"container\" data-e-type=\"container\">\n\t\t<div class=\"elementor-element elementor-element-298e96e e-con-full e-flex e-con e-child\" data-id=\"298e96e\" data-element_type=\"container\" data-e-type=\"container\">\n\t\t\t\t<div class=\"elementor-element elementor-element-d41c7d8 elementor-widget elementor-widget-image\" data-id=\"d41c7d8\" data-element_type=\"widget\" data-e-type=\"widget\" data-widget_type=\"image.default\">\n\t\t\t\t<div class=\"elementor-widget-container\">\n\t\t\t\t\t\t\t\t\t\t\t\t\t\t\t<img fetchpriority=\"high\" decoding=\"async\" width=\"640\" height=\"640\" src=\"https:\/\/amhazikaron.org\/wp-content\/uploads\/2025\/04\/tree-1-Medium.jpeg\" class=\"attachment-large size-large wp-image-5033\" alt=\"mission illustration\" srcset=\"https:\/\/amhazikaron.org\/wp-content\/uploads\/2025\/04\/tree-1-Medium.jpeg 640w, https:\/\/amhazikaron.org\/wp-content\/uploads\/2025\/04\/tree-1-Medium-300x300.jpeg 300w, https:\/\/amhazikaron.org\/wp-content\/uploads\/2025\/04\/tree-1-Medium-150x150.jpeg 150w\" sizes=\"(max-width: 640px) 100vw, 640px\" \/>\t\t\t\t\t\t\t\t\t\t\t\t\t\t\t<\/div>\n\t\t\t\t<\/div>\n\t\t\t\t<\/div>\n\t\t<div class=\"elementor-element elementor-element-df3ef7a e-con-full e-flex e-con e-child\" data-id=\"df3ef7a\" data-element_type=\"container\" data-e-type=\"container\">\n\t\t\t\t<div class=\"elementor-element elementor-element-85be8eb elementor-widget elementor-widget-text-editor\" data-id=\"85be8eb\" data-element_type=\"widget\" data-e-type=\"widget\" data-widget_type=\"text-editor.default\">\n\t\t\t\t<div class=\"elementor-widget-container\">\n\t\t\t\t\t\t\t\t\t<ul>\n \t<li>Eine Studie \u00fcber die Gr\u00fcnde f\u00fcr die Langlebigkeit des j\u00fcdischen Volkes \u00fcber die Jahrtausende hinweg.<\/li>\n \t<li>Bewahrung der Erinnerung und Verbreitung von Wissen \u00fcber die Geschichte der Familien der modernen Juden.<\/li>\n \t<li>Wiederherstellung der Verbindung zwischen modernen Juden und dem Erbe und der Geschichte der j\u00fcdischen Clans, deren Nachkommen sie sind.<\/li>\n<\/ul>\t\t\t\t\t\t\t\t<\/div>\n\t\t\t\t<\/div>\n\t\t\t\t<\/div>\n\t\t\t\t<\/div>\n\t\t\t\t<\/div>\n\t\t","protected":false},"excerpt":{"rendered":"<p>Eine Studie \u00fcber die Gr\u00fcnde f\u00fcr die Langlebigkeit des j\u00fcdischen Volkes \u00fcber die Jahrtausende hinweg. Bewahrung der Erinnerung und Verbreitung von Wissen \u00fcber die Geschichte der Familien der modernen Juden. Wiederherstellung der Verbindung zwischen modernen Juden und dem Erbe und der Geschichte der j\u00fcdischen Clans, deren Nachkommen sie sind.<\/p>\n","protected":false},"author":1,"featured_media":5032,"parent":5403,"menu_order":0,"comment_status":"closed","ping_status":"closed","template":"","meta":{"_acf_changed":false,"_monsterinsights_skip_tracking":false,"_monsterinsights_sitenote_active":false,"_monsterinsights_sitenote_note":"","_monsterinsights_sitenote_category":0,"footnotes":""},"class_list":["post-5031","page","type-page","status-publish","has-post-thumbnail","hentry"],"acf":[],"yoast_head":"<!-- This site is optimized with the Yoast SEO plugin v27.3 - https:\/\/yoast.com\/product\/yoast-seo-wordpress\/ -->\n<title>Auftrag des Instituts - Am haZikaron<\/title>\n<meta name=\"robots\" content=\"index, follow, max-snippet:-1, max-image-preview:large, max-video-preview:-1\" \/>\n<link rel=\"canonical\" href=\"https:\/\/amhazikaron.org\/de\/uber-uns\/auftrag-des-instituts\/\" \/>\n<meta property=\"og:locale\" content=\"de_DE\" \/>\n<meta property=\"og:type\" content=\"article\" \/>\n<meta property=\"og:title\" content=\"Auftrag des Instituts - Am haZikaron\" \/>\n<meta property=\"og:description\" content=\"Eine Studie \u00fcber die Gr\u00fcnde f\u00fcr die Langlebigkeit des j\u00fcdischen Volkes \u00fcber die Jahrtausende hinweg. Bewahrung der Erinnerung und Verbreitung von Wissen \u00fcber die Geschichte der Familien der modernen Juden. Wiederherstellung der Verbindung zwischen modernen Juden und dem Erbe und der Geschichte der j\u00fcdischen Clans, deren Nachkommen sie sind.\" \/>\n<meta property=\"og:url\" content=\"https:\/\/amhazikaron.org\/de\/uber-uns\/auftrag-des-instituts\/\" \/>\n<meta property=\"og:site_name\" content=\"Am haZikaron\" \/>\n<meta property=\"article:publisher\" content=\"https:\/\/www.facebook.com\/jewage\" \/>\n<meta property=\"article:modified_time\" content=\"2025-08-15T05:40:28+00:00\" \/>\n<meta property=\"og:image\" content=\"https:\/\/amhazikaron.org\/wp-content\/uploads\/2025\/04\/mission-3-clr.jpg\" \/>\n\t<meta property=\"og:image:width\" content=\"500\" \/>\n\t<meta property=\"og:image:height\" content=\"333\" \/>\n\t<meta property=\"og:image:type\" content=\"image\/jpeg\" \/>\n<meta name=\"twitter:card\" content=\"summary_large_image\" \/>\n<meta name=\"twitter:site\" content=\"@AmhaZikaron\" \/>\n<script type=\"application\/ld+json\" class=\"yoast-schema-graph\">{\"@context\":\"https:\\\/\\\/schema.org\",\"@graph\":[{\"@type\":\"WebPage\",\"@id\":\"https:\\\/\\\/amhazikaron.org\\\/de\\\/uber-uns\\\/auftrag-des-instituts\\\/\",\"url\":\"https:\\\/\\\/amhazikaron.org\\\/de\\\/uber-uns\\\/auftrag-des-instituts\\\/\",\"name\":\"Auftrag des Instituts - Am haZikaron\",\"isPartOf\":{\"@id\":\"https:\\\/\\\/amhazikaron.org\\\/de\\\/#website\"},\"primaryImageOfPage\":{\"@id\":\"https:\\\/\\\/amhazikaron.org\\\/de\\\/uber-uns\\\/auftrag-des-instituts\\\/#primaryimage\"},\"image\":{\"@id\":\"https:\\\/\\\/amhazikaron.org\\\/de\\\/uber-uns\\\/auftrag-des-instituts\\\/#primaryimage\"},\"thumbnailUrl\":\"https:\\\/\\\/amhazikaron.org\\\/wp-content\\\/uploads\\\/2025\\\/04\\\/mission-3-clr.jpg\",\"datePublished\":\"2025-04-13T15:12:26+00:00\",\"dateModified\":\"2025-08-15T05:40:28+00:00\",\"breadcrumb\":{\"@id\":\"https:\\\/\\\/amhazikaron.org\\\/de\\\/uber-uns\\\/auftrag-des-instituts\\\/#breadcrumb\"},\"inLanguage\":\"de\",\"potentialAction\":[{\"@type\":\"ReadAction\",\"target\":[\"https:\\\/\\\/amhazikaron.org\\\/de\\\/uber-uns\\\/auftrag-des-instituts\\\/\"]}]},{\"@type\":\"ImageObject\",\"inLanguage\":\"de\",\"@id\":\"https:\\\/\\\/amhazikaron.org\\\/de\\\/uber-uns\\\/auftrag-des-instituts\\\/#primaryimage\",\"url\":\"https:\\\/\\\/amhazikaron.org\\\/wp-content\\\/uploads\\\/2025\\\/04\\\/mission-3-clr.jpg\",\"contentUrl\":\"https:\\\/\\\/amhazikaron.org\\\/wp-content\\\/uploads\\\/2025\\\/04\\\/mission-3-clr.jpg\",\"width\":500,\"height\":333,\"caption\":\"Droste effect background based on Prague astronimical clock. Abstract design for concepts related to astrology, fantasy, time and magic.\"},{\"@type\":\"BreadcrumbList\",\"@id\":\"https:\\\/\\\/amhazikaron.org\\\/de\\\/uber-uns\\\/auftrag-des-instituts\\\/#breadcrumb\",\"itemListElement\":[{\"@type\":\"ListItem\",\"position\":1,\"name\":\"\u0413\u043b\u0430\u0432\u043d\u0430\u044f \u0441\u0442\u0440\u0430\u043d\u0438\u0446\u0430\",\"item\":\"https:\\\/\\\/amhazikaron.org\\\/de\\\/home\\\/\"},{\"@type\":\"ListItem\",\"position\":2,\"name\":\"\u00dcber uns\",\"item\":\"https:\\\/\\\/amhazikaron.org\\\/de\\\/uber-uns\\\/\"},{\"@type\":\"ListItem\",\"position\":3,\"name\":\"Auftrag des Instituts\"}]},{\"@type\":\"WebSite\",\"@id\":\"https:\\\/\\\/amhazikaron.org\\\/de\\\/#website\",\"url\":\"https:\\\/\\\/amhazikaron.org\\\/de\\\/\",\"name\":\"Am haZikaron\",\"description\":\"\u0418\u043d\u0441\u0442\u0438\u0442\u0443\u0442 \u043d\u0430\u0443\u043a\u0438, \u043a\u0443\u043b\u044c\u0442\u0443\u0440\u044b \u0438 \u043d\u0430\u0441\u043b\u0435\u0434\u0438\u044f \u0435\u0432\u0440\u0435\u0439\u0441\u043a\u043e\u0433\u043e \u043d\u0430\u0440\u043e\u0434\u0430\",\"publisher\":{\"@id\":\"https:\\\/\\\/amhazikaron.org\\\/de\\\/#organization\"},\"potentialAction\":[{\"@type\":\"SearchAction\",\"target\":{\"@type\":\"EntryPoint\",\"urlTemplate\":\"https:\\\/\\\/amhazikaron.org\\\/de\\\/?s={search_term_string}\"},\"query-input\":{\"@type\":\"PropertyValueSpecification\",\"valueRequired\":true,\"valueName\":\"search_term_string\"}}],\"inLanguage\":\"de\"},{\"@type\":\"Organization\",\"@id\":\"https:\\\/\\\/amhazikaron.org\\\/de\\\/#organization\",\"name\":\"Am haZikaron\",\"url\":\"https:\\\/\\\/amhazikaron.org\\\/de\\\/\",\"logo\":{\"@type\":\"ImageObject\",\"inLanguage\":\"de\",\"@id\":\"https:\\\/\\\/amhazikaron.org\\\/de\\\/#\\\/schema\\\/logo\\\/image\\\/\",\"url\":\"https:\\\/\\\/amhazikaron.org\\\/wp-content\\\/uploads\\\/2025\\\/04\\\/logo.svg\",\"contentUrl\":\"https:\\\/\\\/amhazikaron.org\\\/wp-content\\\/uploads\\\/2025\\\/04\\\/logo.svg\",\"width\":48,\"height\":48,\"caption\":\"Am haZikaron\"},\"image\":{\"@id\":\"https:\\\/\\\/amhazikaron.org\\\/de\\\/#\\\/schema\\\/logo\\\/image\\\/\"},\"sameAs\":[\"https:\\\/\\\/www.facebook.com\\\/jewage\",\"https:\\\/\\\/x.com\\\/AmhaZikaron\"]}]}<\/script>\n<!-- \/ Yoast SEO plugin. -->","yoast_head_json":{"title":"Auftrag des Instituts - Am haZikaron","robots":{"index":"index","follow":"follow","max-snippet":"max-snippet:-1","max-image-preview":"max-image-preview:large","max-video-preview":"max-video-preview:-1"},"canonical":"https:\/\/amhazikaron.org\/de\/uber-uns\/auftrag-des-instituts\/","og_locale":"de_DE","og_type":"article","og_title":"Auftrag des Instituts - Am haZikaron","og_description":"Eine Studie \u00fcber die Gr\u00fcnde f\u00fcr die Langlebigkeit des j\u00fcdischen Volkes \u00fcber die Jahrtausende hinweg. Bewahrung der Erinnerung und Verbreitung von Wissen \u00fcber die Geschichte der Familien der modernen Juden. Wiederherstellung der Verbindung zwischen modernen Juden und dem Erbe und der Geschichte der j\u00fcdischen Clans, deren Nachkommen sie sind.","og_url":"https:\/\/amhazikaron.org\/de\/uber-uns\/auftrag-des-instituts\/","og_site_name":"Am haZikaron","article_publisher":"https:\/\/www.facebook.com\/jewage","article_modified_time":"2025-08-15T05:40:28+00:00","og_image":[{"width":500,"height":333,"url":"https:\/\/amhazikaron.org\/wp-content\/uploads\/2025\/04\/mission-3-clr.jpg","type":"image\/jpeg"}],"twitter_card":"summary_large_image","twitter_site":"@AmhaZikaron","schema":{"@context":"https:\/\/schema.org","@graph":[{"@type":"WebPage","@id":"https:\/\/amhazikaron.org\/de\/uber-uns\/auftrag-des-instituts\/","url":"https:\/\/amhazikaron.org\/de\/uber-uns\/auftrag-des-instituts\/","name":"Auftrag des Instituts - Am haZikaron","isPartOf":{"@id":"https:\/\/amhazikaron.org\/de\/#website"},"primaryImageOfPage":{"@id":"https:\/\/amhazikaron.org\/de\/uber-uns\/auftrag-des-instituts\/#primaryimage"},"image":{"@id":"https:\/\/amhazikaron.org\/de\/uber-uns\/auftrag-des-instituts\/#primaryimage"},"thumbnailUrl":"https:\/\/amhazikaron.org\/wp-content\/uploads\/2025\/04\/mission-3-clr.jpg","datePublished":"2025-04-13T15:12:26+00:00","dateModified":"2025-08-15T05:40:28+00:00","breadcrumb":{"@id":"https:\/\/amhazikaron.org\/de\/uber-uns\/auftrag-des-instituts\/#breadcrumb"},"inLanguage":"de","potentialAction":[{"@type":"ReadAction","target":["https:\/\/amhazikaron.org\/de\/uber-uns\/auftrag-des-instituts\/"]}]},{"@type":"ImageObject","inLanguage":"de","@id":"https:\/\/amhazikaron.org\/de\/uber-uns\/auftrag-des-instituts\/#primaryimage","url":"https:\/\/amhazikaron.org\/wp-content\/uploads\/2025\/04\/mission-3-clr.jpg","contentUrl":"https:\/\/amhazikaron.org\/wp-content\/uploads\/2025\/04\/mission-3-clr.jpg","width":500,"height":333,"caption":"Droste effect background based on Prague astronimical clock. Abstract design for concepts related to astrology, fantasy, time and magic."},{"@type":"BreadcrumbList","@id":"https:\/\/amhazikaron.org\/de\/uber-uns\/auftrag-des-instituts\/#breadcrumb","itemListElement":[{"@type":"ListItem","position":1,"name":"\u0413\u043b\u0430\u0432\u043d\u0430\u044f \u0441\u0442\u0440\u0430\u043d\u0438\u0446\u0430","item":"https:\/\/amhazikaron.org\/de\/home\/"},{"@type":"ListItem","position":2,"name":"\u00dcber uns","item":"https:\/\/amhazikaron.org\/de\/uber-uns\/"},{"@type":"ListItem","position":3,"name":"Auftrag des Instituts"}]},{"@type":"WebSite","@id":"https:\/\/amhazikaron.org\/de\/#website","url":"https:\/\/amhazikaron.org\/de\/","name":"Am haZikaron","description":"\u0418\u043d\u0441\u0442\u0438\u0442\u0443\u0442 \u043d\u0430\u0443\u043a\u0438, \u043a\u0443\u043b\u044c\u0442\u0443\u0440\u044b \u0438 \u043d\u0430\u0441\u043b\u0435\u0434\u0438\u044f \u0435\u0432\u0440\u0435\u0439\u0441\u043a\u043e\u0433\u043e \u043d\u0430\u0440\u043e\u0434\u0430","publisher":{"@id":"https:\/\/amhazikaron.org\/de\/#organization"},"potentialAction":[{"@type":"SearchAction","target":{"@type":"EntryPoint","urlTemplate":"https:\/\/amhazikaron.org\/de\/?s={search_term_string}"},"query-input":{"@type":"PropertyValueSpecification","valueRequired":true,"valueName":"search_term_string"}}],"inLanguage":"de"},{"@type":"Organization","@id":"https:\/\/amhazikaron.org\/de\/#organization","name":"Am haZikaron","url":"https:\/\/amhazikaron.org\/de\/","logo":{"@type":"ImageObject","inLanguage":"de","@id":"https:\/\/amhazikaron.org\/de\/#\/schema\/logo\/image\/","url":"https:\/\/amhazikaron.org\/wp-content\/uploads\/2025\/04\/logo.svg","contentUrl":"https:\/\/amhazikaron.org\/wp-content\/uploads\/2025\/04\/logo.svg","width":48,"height":48,"caption":"Am haZikaron"},"image":{"@id":"https:\/\/amhazikaron.org\/de\/#\/schema\/logo\/image\/"},"sameAs":["https:\/\/www.facebook.com\/jewage","https:\/\/x.com\/AmhaZikaron"]}]}},"_links":{"self":[{"href":"https:\/\/amhazikaron.org\/de\/wp-json\/wp\/v2\/pages\/5031","targetHints":{"allow":["GET"]}}],"collection":[{"href":"https:\/\/amhazikaron.org\/de\/wp-json\/wp\/v2\/pages"}],"about":[{"href":"https:\/\/amhazikaron.org\/de\/wp-json\/wp\/v2\/types\/page"}],"author":[{"embeddable":true,"href":"https:\/\/amhazikaron.org\/de\/wp-json\/wp\/v2\/users\/1"}],"replies":[{"embeddable":true,"href":"https:\/\/amhazikaron.org\/de\/wp-json\/wp\/v2\/comments?post=5031"}],"version-history":[{"count":1,"href":"https:\/\/amhazikaron.org\/de\/wp-json\/wp\/v2\/pages\/5031\/revisions"}],"predecessor-version":[{"id":5034,"href":"https:\/\/amhazikaron.org\/de\/wp-json\/wp\/v2\/pages\/5031\/revisions\/5034"}],"up":[{"embeddable":true,"href":"https:\/\/amhazikaron.org\/de\/wp-json\/wp\/v2\/pages\/5403"}],"wp:featuredmedia":[{"embeddable":true,"href":"https:\/\/amhazikaron.org\/de\/wp-json\/wp\/v2\/media\/5032"}],"wp:attachment":[{"href":"https:\/\/amhazikaron.org\/de\/wp-json\/wp\/v2\/media?parent=5031"}],"curies":[{"name":"wp","href":"https:\/\/api.w.org\/{rel}","templated":true}]}}