{"id":4982,"date":"2025-04-13T15:13:20","date_gmt":"2025-04-13T15:13:20","guid":{"rendered":"https:\/\/amhazikaron.org\/geschichte-des-instituts\/"},"modified":"2025-08-15T05:40:29","modified_gmt":"2025-08-15T05:40:29","slug":"geschichte-des-instituts","status":"publish","type":"page","link":"https:\/\/amhazikaron.org\/de\/uber-uns\/geschichte-des-instituts\/","title":{"rendered":"Geschichte des Instituts"},"content":{"rendered":"\t\t<div data-elementor-type=\"wp-page\" data-elementor-id=\"4982\" class=\"elementor elementor-4982 elementor-78\" data-elementor-post-type=\"page\">\n\t\t\t\t<div class=\"elementor-element elementor-element-8c7f4de e-flex e-con-boxed e-con e-parent\" data-id=\"8c7f4de\" data-element_type=\"container\" data-e-type=\"container\">\n\t\t\t\t\t<div class=\"e-con-inner\">\n\t\t<div class=\"elementor-element elementor-element-ac2e27d e-con-full e-flex e-con e-child\" data-id=\"ac2e27d\" data-element_type=\"container\" data-e-type=\"container\">\n\t\t\t\t<div class=\"elementor-element elementor-element-a45a4a8 elementor-widget elementor-widget-image\" data-id=\"a45a4a8\" data-element_type=\"widget\" data-e-type=\"widget\" data-widget_type=\"image.default\">\n\t\t\t\t<div class=\"elementor-widget-container\">\n\t\t\t\t\t\t\t\t\t\t\t\t\t\t\t<img fetchpriority=\"high\" decoding=\"async\" width=\"500\" height=\"500\" src=\"https:\/\/amhazikaron.org\/wp-content\/uploads\/2025\/04\/history-001.jpg\" class=\"attachment-large size-large wp-image-4985\" alt=\"history illustration\" srcset=\"https:\/\/amhazikaron.org\/wp-content\/uploads\/2025\/04\/history-001.jpg 500w, https:\/\/amhazikaron.org\/wp-content\/uploads\/2025\/04\/history-001-300x300.jpg 300w, https:\/\/amhazikaron.org\/wp-content\/uploads\/2025\/04\/history-001-150x150.jpg 150w\" sizes=\"(max-width: 500px) 100vw, 500px\" \/>\t\t\t\t\t\t\t\t\t\t\t\t\t\t\t<\/div>\n\t\t\t\t<\/div>\n\t\t\t\t<\/div>\n\t\t<div class=\"elementor-element elementor-element-f517bdb e-con-full e-flex e-con e-child\" data-id=\"f517bdb\" data-element_type=\"container\" data-e-type=\"container\">\n\t\t\t\t<div class=\"elementor-element elementor-element-34276fe elementor-widget elementor-widget-text-editor\" data-id=\"34276fe\" data-element_type=\"widget\" data-e-type=\"widget\" data-widget_type=\"text-editor.default\">\n\t\t\t\t<div class=\"elementor-widget-container\">\n\t\t\t\t\t\t\t\t\t<p>Diese Geschichte begann vor etwa 30 Jahren, als einer der Gr\u00fcnder des Instituts <strong>&#8222;Am HaZikaron&#8220;<\/strong>, Alexander Yonatan Widgop, ausgehend von 35 ihm bekannten Verwandten weitere 1.500 Personen ausfindig machte und so seinen eigenen Stammbaum erstellte. Nachdem er die Genealogie seiner Familie wiederhergestellt hatte, fiel ihm auf, dass, obwohl viele seiner Verwandten 100-120 Jahre lang nichts von der Existenz anderer Familienzweige wussten und nicht nur in verschiedenen L\u00e4ndern, sondern sogar auf verschiedenen Kontinenten lebten, sich ihre T\u00e4tigkeitsbereiche und Schicksale nicht nur ungew\u00f6hnlich \u00e4hnlich waren, sondern sich oft einfach wiederholten. Diese seltsamen Tatsachen m\u00f6gen wie eine Art erstaunlicher Zufall erschienen sein, aber sie gaben den Ansto\u00df zur Gr\u00fcndung einer gemeinn\u00fctzigen Organisation, deren Mitarbeiter begannen, Material zu sammeln, um \u00e4hnliche Zuf\u00e4lle in anderen j\u00fcdischen Familien zu \u00fcberpr\u00fcfen.  <\/p><p>Das Institut Am HaZikaron wurde 1998 zum Zweck der wissenschaftlichen Erforschung der Verbindungen zwischen j\u00fcdischen Generationen verschiedener Epochen gegr\u00fcndet. Die Spezialisten des Instituts rekonstruierten j\u00fcdische Stammb\u00e4ume mit einer bekannten Geschichte von bis zu 900 Jahren und verarbeiteten die gewonnenen Informationen statistisch. Nach 10 Jahren umfangreicher und akribischer Arbeit haben die Forscher des Instituts als echte Empiriker nicht nur einzigartige Muster in j\u00fcdischen Stammb\u00e4umen gefunden und identifiziert, sondern kamen auch zu \u00fcberraschenden, ja sensationellen Ergebnissen, die in ma\u00dfgeblichen wissenschaftlichen Publikationen ver\u00f6ffentlicht, mit der Auszeichnung &#8222;Zeiti Yerushalaim&#8220; (&#8222;Jerusalemer Olive&#8220;) und der Medaille f\u00fcr ihren Beitrag zur Entwicklung des nationalen Erbes geehrt und von einem eigens geschaffenen Komitee aus 55 Nobelpreistr\u00e4gern unterst\u00fctzt wurden.  <\/p><p>&#8222;Am HaZikaron&#8220; ist es gelungen zu beweisen, dass die Mitglieder einer j\u00fcdischen Familie \u00fcber die Jahrhunderte hinweg ihre einzigartigen Eigenschaften beibehalten, die ihnen eigen sind. Sie konzentrieren sich auf 4-5 T\u00e4tigkeitsbereiche, sie haben die gleichen Gewohnheiten und Vorlieben. Einige Clans wandern leicht aus, andere bleiben so lange wie m\u00f6glich an einem Ort. F\u00fcr einige sind Scheidungen charakteristisch, f\u00fcr andere eine stabile Ehe auf Lebenszeit und vieles, vieles mehr. So wird es m\u00f6glich, \u00fcber die Aufgabe zu sprechen, die der Clan und seine Vertreter im j\u00fcdischen Volk erf\u00fcllen &#8211; was die Richtigkeit der Ideen des Tanach \u00fcber die Existenz jedes j\u00fcdischen Clans mit seiner eigenen Aufgabe, seinen eigenen Clan-Aktivit\u00e4tsbereichen, die von Generation zu Generation weitergegeben werden, best\u00e4tigt. Und in der Regel erreichen die Vertreter dieser Clans in diesen Sph\u00e4ren beachtliche H\u00f6hen.     <\/p><p>Bei der Entwicklung der Missionstheorie untersuchten die Forscher von Am HaZikaron die Genealogie herausragender Menschen und fanden faszinierende Antworten \u00fcber die Natur des Genies. Stellen Sie sich vor, dass es j\u00fcdische Familien gibt, die alle paar Generationen Genies &#8222;hervorbringen&#8220;. Und zwar in einem bestimmten Bereich &#8211; entweder in der Mathematik, in der Physik oder im Handel. Das ist ein Muster, und diese Familien ver\u00e4ndern die Geschichte, und zwar nicht nur die des j\u00fcdischen Volkes. &#8222;Am HaZikaron hat sein Forschungsinteresse auf die demografische Genetik ausgeweitet und ein Bild des j\u00fcdischen Gemeindelebens erstellt. Die Ergebnisse sind ein m\u00e4chtiges p\u00e4dagogisches Instrument: Sie k\u00f6nnen einen erheblichen Einfluss auf Juden haben, die den Kontakt zu ihrem Volk und ihrer Familiengeschichte verloren haben.     <\/p><p>Um zu verstehen, wie notwendig dies f\u00fcr junge Menschen in der Diaspora ist, m\u00fcssen Sie sehen, was in den Seminaren des Instituts mit ihnen geschieht, wenn sie herausfinden, wer sie wirklich sind, wer der Ursprung ihrer Familie war, welche Genies in ihrer Familie waren&#8230; Es ist ein echter Schock f\u00fcr sie, das Gef\u00fchl, dass man seine Erinnerung, seine Familie zur\u00fcckbekommen hat. Schlie\u00dflich f\u00fchrt der Weg zur Selbstidentifikation \u00fcber die Familie, \u00fcber ihre Geschichte. <\/p><p>&#8222;Am HaZikaron ist ein Institut f\u00fcr die Erforschung der Geschichte und des Erbes j\u00fcdischer Familien, und das Ziel dieser Forschung ist die Rekonstruktion der Familiengeschichte. Was bedeutet das eigentlich? Es gibt ein wunderbares Wort auf Jiddisch &#8211; iches. Es stammt von dem hebr\u00e4ischen Wort &#8222;ikhus&#8220;, das mit &#8222;Beziehung&#8220; oder &#8222;Verbindung&#8220; \u00fcbersetzt werden kann. Auf Hebr\u00e4isch bedeutet &#8222;ikhusin&#8220; Genealogie, Ahnenforschung. Genau dieser &#8222;ikhus&#8220; ist im Allgemeinen das, was man wissenschaftlich als Familiengeschichte bezeichnen kann. Es geht nicht so sehr um eine buchst\u00e4bliche Genealogie, sondern um die Geschichte der Verbindungen der j\u00fcdischen Familie, ihrer Herkunft, ihres Ansehens. Ichs ist etwas, das das j\u00fcdische Leben, das Leben des gesamten j\u00fcdischen Volkes, in hohem Ma\u00dfe bestimmt.       <\/p>\t\t\t\t\t\t\t\t<\/div>\n\t\t\t\t<\/div>\n\t\t\t\t<\/div>\n\t\t\t\t\t<\/div>\n\t\t\t\t<\/div>\n\t\t\t\t<\/div>\n\t\t","protected":false},"excerpt":{"rendered":"<p>Diese Geschichte begann vor etwa 30 Jahren&#8230;..<\/p>\n","protected":false},"author":1,"featured_media":4984,"parent":5403,"menu_order":0,"comment_status":"closed","ping_status":"closed","template":"","meta":{"_acf_changed":false,"_monsterinsights_skip_tracking":false,"_monsterinsights_sitenote_active":false,"_monsterinsights_sitenote_note":"","_monsterinsights_sitenote_category":0,"footnotes":""},"class_list":["post-4982","page","type-page","status-publish","has-post-thumbnail","hentry"],"acf":[],"yoast_head":"<!-- This site is optimized with the Yoast SEO plugin v27.3 - https:\/\/yoast.com\/product\/yoast-seo-wordpress\/ -->\n<title>Geschichte des Instituts - Am haZikaron<\/title>\n<meta name=\"robots\" content=\"index, follow, max-snippet:-1, max-image-preview:large, max-video-preview:-1\" \/>\n<link rel=\"canonical\" href=\"https:\/\/amhazikaron.org\/de\/uber-uns\/geschichte-des-instituts\/\" \/>\n<meta property=\"og:locale\" content=\"de_DE\" \/>\n<meta property=\"og:type\" content=\"article\" \/>\n<meta property=\"og:title\" content=\"Geschichte des Instituts - Am haZikaron\" \/>\n<meta property=\"og:description\" content=\"Diese Geschichte begann vor etwa 30 Jahren.....\" \/>\n<meta property=\"og:url\" content=\"https:\/\/amhazikaron.org\/de\/uber-uns\/geschichte-des-instituts\/\" \/>\n<meta property=\"og:site_name\" content=\"Am haZikaron\" \/>\n<meta property=\"article:publisher\" content=\"https:\/\/www.facebook.com\/jewage\" \/>\n<meta property=\"article:modified_time\" content=\"2025-08-15T05:40:29+00:00\" \/>\n<meta property=\"og:image\" content=\"https:\/\/amhazikaron.org\/wp-content\/uploads\/2025\/04\/history-1-clr.jpg\" \/>\n\t<meta property=\"og:image:width\" content=\"500\" \/>\n\t<meta property=\"og:image:height\" content=\"333\" \/>\n\t<meta property=\"og:image:type\" content=\"image\/jpeg\" \/>\n<meta name=\"twitter:card\" content=\"summary_large_image\" \/>\n<meta name=\"twitter:site\" content=\"@AmhaZikaron\" \/>\n<meta name=\"twitter:label1\" content=\"Gesch\u00e4tzte Lesezeit\" \/>\n\t<meta name=\"twitter:data1\" content=\"4\u00a0Minuten\" \/>\n<script type=\"application\/ld+json\" class=\"yoast-schema-graph\">{\"@context\":\"https:\\\/\\\/schema.org\",\"@graph\":[{\"@type\":\"WebPage\",\"@id\":\"https:\\\/\\\/amhazikaron.org\\\/de\\\/uber-uns\\\/geschichte-des-instituts\\\/\",\"url\":\"https:\\\/\\\/amhazikaron.org\\\/de\\\/uber-uns\\\/geschichte-des-instituts\\\/\",\"name\":\"Geschichte des Instituts - Am haZikaron\",\"isPartOf\":{\"@id\":\"https:\\\/\\\/amhazikaron.org\\\/de\\\/#website\"},\"primaryImageOfPage\":{\"@id\":\"https:\\\/\\\/amhazikaron.org\\\/de\\\/uber-uns\\\/geschichte-des-instituts\\\/#primaryimage\"},\"image\":{\"@id\":\"https:\\\/\\\/amhazikaron.org\\\/de\\\/uber-uns\\\/geschichte-des-instituts\\\/#primaryimage\"},\"thumbnailUrl\":\"https:\\\/\\\/amhazikaron.org\\\/wp-content\\\/uploads\\\/2025\\\/04\\\/history-1-clr.jpg\",\"datePublished\":\"2025-04-13T15:13:20+00:00\",\"dateModified\":\"2025-08-15T05:40:29+00:00\",\"breadcrumb\":{\"@id\":\"https:\\\/\\\/amhazikaron.org\\\/de\\\/uber-uns\\\/geschichte-des-instituts\\\/#breadcrumb\"},\"inLanguage\":\"de\",\"potentialAction\":[{\"@type\":\"ReadAction\",\"target\":[\"https:\\\/\\\/amhazikaron.org\\\/de\\\/uber-uns\\\/geschichte-des-instituts\\\/\"]}]},{\"@type\":\"ImageObject\",\"inLanguage\":\"de\",\"@id\":\"https:\\\/\\\/amhazikaron.org\\\/de\\\/uber-uns\\\/geschichte-des-instituts\\\/#primaryimage\",\"url\":\"https:\\\/\\\/amhazikaron.org\\\/wp-content\\\/uploads\\\/2025\\\/04\\\/history-1-clr.jpg\",\"contentUrl\":\"https:\\\/\\\/amhazikaron.org\\\/wp-content\\\/uploads\\\/2025\\\/04\\\/history-1-clr.jpg\",\"width\":500,\"height\":333,\"caption\":\"close up of world famous Pisa clock in Piazza dei Cavalieri, Italy\"},{\"@type\":\"BreadcrumbList\",\"@id\":\"https:\\\/\\\/amhazikaron.org\\\/de\\\/uber-uns\\\/geschichte-des-instituts\\\/#breadcrumb\",\"itemListElement\":[{\"@type\":\"ListItem\",\"position\":1,\"name\":\"\u0413\u043b\u0430\u0432\u043d\u0430\u044f \u0441\u0442\u0440\u0430\u043d\u0438\u0446\u0430\",\"item\":\"https:\\\/\\\/amhazikaron.org\\\/de\\\/home\\\/\"},{\"@type\":\"ListItem\",\"position\":2,\"name\":\"\u00dcber uns\",\"item\":\"https:\\\/\\\/amhazikaron.org\\\/de\\\/uber-uns\\\/\"},{\"@type\":\"ListItem\",\"position\":3,\"name\":\"Geschichte des Instituts\"}]},{\"@type\":\"WebSite\",\"@id\":\"https:\\\/\\\/amhazikaron.org\\\/de\\\/#website\",\"url\":\"https:\\\/\\\/amhazikaron.org\\\/de\\\/\",\"name\":\"Am haZikaron\",\"description\":\"\u0418\u043d\u0441\u0442\u0438\u0442\u0443\u0442 \u043d\u0430\u0443\u043a\u0438, \u043a\u0443\u043b\u044c\u0442\u0443\u0440\u044b \u0438 \u043d\u0430\u0441\u043b\u0435\u0434\u0438\u044f \u0435\u0432\u0440\u0435\u0439\u0441\u043a\u043e\u0433\u043e \u043d\u0430\u0440\u043e\u0434\u0430\",\"publisher\":{\"@id\":\"https:\\\/\\\/amhazikaron.org\\\/de\\\/#organization\"},\"potentialAction\":[{\"@type\":\"SearchAction\",\"target\":{\"@type\":\"EntryPoint\",\"urlTemplate\":\"https:\\\/\\\/amhazikaron.org\\\/de\\\/?s={search_term_string}\"},\"query-input\":{\"@type\":\"PropertyValueSpecification\",\"valueRequired\":true,\"valueName\":\"search_term_string\"}}],\"inLanguage\":\"de\"},{\"@type\":\"Organization\",\"@id\":\"https:\\\/\\\/amhazikaron.org\\\/de\\\/#organization\",\"name\":\"Am haZikaron\",\"url\":\"https:\\\/\\\/amhazikaron.org\\\/de\\\/\",\"logo\":{\"@type\":\"ImageObject\",\"inLanguage\":\"de\",\"@id\":\"https:\\\/\\\/amhazikaron.org\\\/de\\\/#\\\/schema\\\/logo\\\/image\\\/\",\"url\":\"https:\\\/\\\/amhazikaron.org\\\/wp-content\\\/uploads\\\/2025\\\/04\\\/logo.svg\",\"contentUrl\":\"https:\\\/\\\/amhazikaron.org\\\/wp-content\\\/uploads\\\/2025\\\/04\\\/logo.svg\",\"width\":48,\"height\":48,\"caption\":\"Am haZikaron\"},\"image\":{\"@id\":\"https:\\\/\\\/amhazikaron.org\\\/de\\\/#\\\/schema\\\/logo\\\/image\\\/\"},\"sameAs\":[\"https:\\\/\\\/www.facebook.com\\\/jewage\",\"https:\\\/\\\/x.com\\\/AmhaZikaron\"]}]}<\/script>\n<!-- \/ Yoast SEO plugin. -->","yoast_head_json":{"title":"Geschichte des Instituts - Am haZikaron","robots":{"index":"index","follow":"follow","max-snippet":"max-snippet:-1","max-image-preview":"max-image-preview:large","max-video-preview":"max-video-preview:-1"},"canonical":"https:\/\/amhazikaron.org\/de\/uber-uns\/geschichte-des-instituts\/","og_locale":"de_DE","og_type":"article","og_title":"Geschichte des Instituts - Am haZikaron","og_description":"Diese Geschichte begann vor etwa 30 Jahren.....","og_url":"https:\/\/amhazikaron.org\/de\/uber-uns\/geschichte-des-instituts\/","og_site_name":"Am haZikaron","article_publisher":"https:\/\/www.facebook.com\/jewage","article_modified_time":"2025-08-15T05:40:29+00:00","og_image":[{"width":500,"height":333,"url":"https:\/\/amhazikaron.org\/wp-content\/uploads\/2025\/04\/history-1-clr.jpg","type":"image\/jpeg"}],"twitter_card":"summary_large_image","twitter_site":"@AmhaZikaron","twitter_misc":{"Gesch\u00e4tzte Lesezeit":"4\u00a0Minuten"},"schema":{"@context":"https:\/\/schema.org","@graph":[{"@type":"WebPage","@id":"https:\/\/amhazikaron.org\/de\/uber-uns\/geschichte-des-instituts\/","url":"https:\/\/amhazikaron.org\/de\/uber-uns\/geschichte-des-instituts\/","name":"Geschichte des Instituts - Am haZikaron","isPartOf":{"@id":"https:\/\/amhazikaron.org\/de\/#website"},"primaryImageOfPage":{"@id":"https:\/\/amhazikaron.org\/de\/uber-uns\/geschichte-des-instituts\/#primaryimage"},"image":{"@id":"https:\/\/amhazikaron.org\/de\/uber-uns\/geschichte-des-instituts\/#primaryimage"},"thumbnailUrl":"https:\/\/amhazikaron.org\/wp-content\/uploads\/2025\/04\/history-1-clr.jpg","datePublished":"2025-04-13T15:13:20+00:00","dateModified":"2025-08-15T05:40:29+00:00","breadcrumb":{"@id":"https:\/\/amhazikaron.org\/de\/uber-uns\/geschichte-des-instituts\/#breadcrumb"},"inLanguage":"de","potentialAction":[{"@type":"ReadAction","target":["https:\/\/amhazikaron.org\/de\/uber-uns\/geschichte-des-instituts\/"]}]},{"@type":"ImageObject","inLanguage":"de","@id":"https:\/\/amhazikaron.org\/de\/uber-uns\/geschichte-des-instituts\/#primaryimage","url":"https:\/\/amhazikaron.org\/wp-content\/uploads\/2025\/04\/history-1-clr.jpg","contentUrl":"https:\/\/amhazikaron.org\/wp-content\/uploads\/2025\/04\/history-1-clr.jpg","width":500,"height":333,"caption":"close up of world famous Pisa clock in Piazza dei Cavalieri, Italy"},{"@type":"BreadcrumbList","@id":"https:\/\/amhazikaron.org\/de\/uber-uns\/geschichte-des-instituts\/#breadcrumb","itemListElement":[{"@type":"ListItem","position":1,"name":"\u0413\u043b\u0430\u0432\u043d\u0430\u044f \u0441\u0442\u0440\u0430\u043d\u0438\u0446\u0430","item":"https:\/\/amhazikaron.org\/de\/home\/"},{"@type":"ListItem","position":2,"name":"\u00dcber uns","item":"https:\/\/amhazikaron.org\/de\/uber-uns\/"},{"@type":"ListItem","position":3,"name":"Geschichte des Instituts"}]},{"@type":"WebSite","@id":"https:\/\/amhazikaron.org\/de\/#website","url":"https:\/\/amhazikaron.org\/de\/","name":"Am haZikaron","description":"\u0418\u043d\u0441\u0442\u0438\u0442\u0443\u0442 \u043d\u0430\u0443\u043a\u0438, \u043a\u0443\u043b\u044c\u0442\u0443\u0440\u044b \u0438 \u043d\u0430\u0441\u043b\u0435\u0434\u0438\u044f \u0435\u0432\u0440\u0435\u0439\u0441\u043a\u043e\u0433\u043e \u043d\u0430\u0440\u043e\u0434\u0430","publisher":{"@id":"https:\/\/amhazikaron.org\/de\/#organization"},"potentialAction":[{"@type":"SearchAction","target":{"@type":"EntryPoint","urlTemplate":"https:\/\/amhazikaron.org\/de\/?s={search_term_string}"},"query-input":{"@type":"PropertyValueSpecification","valueRequired":true,"valueName":"search_term_string"}}],"inLanguage":"de"},{"@type":"Organization","@id":"https:\/\/amhazikaron.org\/de\/#organization","name":"Am haZikaron","url":"https:\/\/amhazikaron.org\/de\/","logo":{"@type":"ImageObject","inLanguage":"de","@id":"https:\/\/amhazikaron.org\/de\/#\/schema\/logo\/image\/","url":"https:\/\/amhazikaron.org\/wp-content\/uploads\/2025\/04\/logo.svg","contentUrl":"https:\/\/amhazikaron.org\/wp-content\/uploads\/2025\/04\/logo.svg","width":48,"height":48,"caption":"Am haZikaron"},"image":{"@id":"https:\/\/amhazikaron.org\/de\/#\/schema\/logo\/image\/"},"sameAs":["https:\/\/www.facebook.com\/jewage","https:\/\/x.com\/AmhaZikaron"]}]}},"_links":{"self":[{"href":"https:\/\/amhazikaron.org\/de\/wp-json\/wp\/v2\/pages\/4982","targetHints":{"allow":["GET"]}}],"collection":[{"href":"https:\/\/amhazikaron.org\/de\/wp-json\/wp\/v2\/pages"}],"about":[{"href":"https:\/\/amhazikaron.org\/de\/wp-json\/wp\/v2\/types\/page"}],"author":[{"embeddable":true,"href":"https:\/\/amhazikaron.org\/de\/wp-json\/wp\/v2\/users\/1"}],"replies":[{"embeddable":true,"href":"https:\/\/amhazikaron.org\/de\/wp-json\/wp\/v2\/comments?post=4982"}],"version-history":[{"count":1,"href":"https:\/\/amhazikaron.org\/de\/wp-json\/wp\/v2\/pages\/4982\/revisions"}],"predecessor-version":[{"id":4989,"href":"https:\/\/amhazikaron.org\/de\/wp-json\/wp\/v2\/pages\/4982\/revisions\/4989"}],"up":[{"embeddable":true,"href":"https:\/\/amhazikaron.org\/de\/wp-json\/wp\/v2\/pages\/5403"}],"wp:featuredmedia":[{"embeddable":true,"href":"https:\/\/amhazikaron.org\/de\/wp-json\/wp\/v2\/media\/4984"}],"wp:attachment":[{"href":"https:\/\/amhazikaron.org\/de\/wp-json\/wp\/v2\/media?parent=4982"}],"curies":[{"name":"wp","href":"https:\/\/api.w.org\/{rel}","templated":true}]}}