{"id":3798,"date":"2025-04-13T15:14:43","date_gmt":"2025-04-13T15:14:43","guid":{"rendered":"https:\/\/amhazikaron.org\/auszeichnungen\/"},"modified":"2025-08-15T05:40:30","modified_gmt":"2025-08-15T05:40:30","slug":"auszeichnungen","status":"publish","type":"page","link":"https:\/\/amhazikaron.org\/de\/uber-uns\/auszeichnungen\/","title":{"rendered":"Auszeichnungen"},"content":{"rendered":"\t\t<div data-elementor-type=\"wp-page\" data-elementor-id=\"3798\" class=\"elementor elementor-3798 elementor-84\" data-elementor-post-type=\"page\">\n\t\t\t\t<div class=\"elementor-element elementor-element-64c5cd6 e-flex e-con-boxed e-con e-parent\" data-id=\"64c5cd6\" data-element_type=\"container\" data-e-type=\"container\">\n\t\t\t\t\t<div class=\"e-con-inner\">\n\t\t<div class=\"elementor-element elementor-element-2b88e7f e-con-full e-flex e-con e-child\" data-id=\"2b88e7f\" data-element_type=\"container\" data-e-type=\"container\">\n\t\t\t\t<div class=\"elementor-element elementor-element-7e0ea3d elementor-widget elementor-widget-image\" data-id=\"7e0ea3d\" data-element_type=\"widget\" data-e-type=\"widget\" data-widget_type=\"image.default\">\n\t\t\t\t<div class=\"elementor-widget-container\">\n\t\t\t\t\t\t\t\t\t\t\t\t\t\t\t<img fetchpriority=\"high\" decoding=\"async\" width=\"332\" height=\"418\" src=\"https:\/\/amhazikaron.org\/wp-content\/uploads\/2025\/04\/amz-coat.png\" class=\"attachment-large size-large wp-image-5404\" alt=\"Am haZikaron coat\" srcset=\"https:\/\/amhazikaron.org\/wp-content\/uploads\/2025\/04\/amz-coat.png 332w, https:\/\/amhazikaron.org\/wp-content\/uploads\/2025\/04\/amz-coat-238x300.png 238w\" sizes=\"(max-width: 332px) 100vw, 332px\" \/>\t\t\t\t\t\t\t\t\t\t\t\t\t\t\t<\/div>\n\t\t\t\t<\/div>\n\t\t\t\t<\/div>\n\t\t<div class=\"elementor-element elementor-element-532194a e-con-full e-flex e-con e-child\" data-id=\"532194a\" data-element_type=\"container\" data-e-type=\"container\">\n\t\t\t\t<div class=\"elementor-element elementor-element-beac006 elementor-widget elementor-widget-text-editor\" data-id=\"beac006\" data-element_type=\"widget\" data-e-type=\"widget\" data-widget_type=\"text-editor.default\">\n\t\t\t\t<div class=\"elementor-widget-container\">\n\t\t\t\t\t\t\t\t\t<div class=\"row\"><div class=\"col-10\"><div class=\"part-description\"><p>Im Jahr 2006 schloss das Institut eine Studie \u00fcber die jahrhundertelange Geschichte von 63 j\u00fcdischen Clans ab, die Daten zu Tausenden von Personen enth\u00e4lt. Die gesammelten Daten erm\u00f6glichten es, die Best\u00e4ndigkeit von Eigenschaften innerhalb von Gattungen nachzuweisen und boten einen grundlegend neuen Ansatz f\u00fcr die Frage nach der Langlebigkeit und dem \u00dcberleben des j\u00fcdischen Volkes. Die Ergebnisse wurden in dem Artikel <span class=\"in-accent\">&#8222;The Jewish People as a Phenomenon of Historical Longevity: Towards a Metaclans Theory and Principles of Survival&#8220; ver\u00f6ffentlicht .<\/span> Die Er\u00f6ffnung wurde mit dem Zeiti Yerushalaim (Olive von Jerusalem) Award und der Medaille f\u00fcr Beitr\u00e4ge zum j\u00fcdischen Gedankengut und zum nationalen Erbe ausgezeichnet.<\/p><\/div><\/div><\/div><div class=\"row\"><div class=\"col\"><div class=\"card\"> <\/div><\/div><\/div>\t\t\t\t\t\t\t\t<\/div>\n\t\t\t\t<\/div>\n\t\t\t\t<\/div>\n\t\t\t\t\t<\/div>\n\t\t\t\t<\/div>\n\t\t<div class=\"elementor-element elementor-element-8cb9005 grey_images e-flex e-con-boxed e-con e-parent\" data-id=\"8cb9005\" data-element_type=\"container\" data-e-type=\"container\">\n\t\t\t\t\t<div class=\"e-con-inner\">\n\t\t<div class=\"elementor-element elementor-element-835ca44 e-con-full e-flex e-con e-child\" data-id=\"835ca44\" data-element_type=\"container\" data-e-type=\"container\">\n\t\t\t\t<div class=\"elementor-element elementor-element-3356eb5 elementor-widget elementor-widget-image\" data-id=\"3356eb5\" data-element_type=\"widget\" data-e-type=\"widget\" data-widget_type=\"image.default\">\n\t\t\t\t<div class=\"elementor-widget-container\">\n\t\t\t\t\t\t\t\t\t\t\t\t\t\t\t<img decoding=\"async\" width=\"505\" height=\"469\" src=\"https:\/\/amhazikaron.org\/wp-content\/uploads\/2025\/04\/amz-medal1.png\" class=\"attachment-large size-large wp-image-3800\" alt=\"award Jerusalem medal side 1\" srcset=\"https:\/\/amhazikaron.org\/wp-content\/uploads\/2025\/04\/amz-medal1.png 505w, https:\/\/amhazikaron.org\/wp-content\/uploads\/2025\/04\/amz-medal1-300x279.png 300w\" sizes=\"(max-width: 505px) 100vw, 505px\" \/>\t\t\t\t\t\t\t\t\t\t\t\t\t\t\t<\/div>\n\t\t\t\t<\/div>\n\t\t\t\t<\/div>\n\t\t<div class=\"elementor-element elementor-element-e05a0dc e-con-full e-flex e-con e-child\" data-id=\"e05a0dc\" data-element_type=\"container\" data-e-type=\"container\">\n\t\t\t\t<div class=\"elementor-element elementor-element-e3d3431 elementor-widget elementor-widget-image\" data-id=\"e3d3431\" data-element_type=\"widget\" data-e-type=\"widget\" data-widget_type=\"image.default\">\n\t\t\t\t<div class=\"elementor-widget-container\">\n\t\t\t\t\t\t\t\t\t\t\t\t\t\t\t<img decoding=\"async\" width=\"501\" height=\"461\" src=\"https:\/\/amhazikaron.org\/wp-content\/uploads\/2025\/04\/amz_medal2.png\" class=\"attachment-large size-large wp-image-3801\" alt=\"award Jerusalem medal side 2\" srcset=\"https:\/\/amhazikaron.org\/wp-content\/uploads\/2025\/04\/amz_medal2.png 501w, https:\/\/amhazikaron.org\/wp-content\/uploads\/2025\/04\/amz_medal2-300x276.png 300w\" sizes=\"(max-width: 501px) 100vw, 501px\" \/>\t\t\t\t\t\t\t\t\t\t\t\t\t\t\t<\/div>\n\t\t\t\t<\/div>\n\t\t\t\t<\/div>\n\t\t<div class=\"elementor-element elementor-element-7b7e8ef e-con-full e-flex e-con e-child\" data-id=\"7b7e8ef\" data-element_type=\"container\" data-e-type=\"container\">\n\t\t\t\t<div class=\"elementor-element elementor-element-1adcf08 elementor-widget elementor-widget-image\" data-id=\"1adcf08\" data-element_type=\"widget\" data-e-type=\"widget\" data-widget_type=\"image.default\">\n\t\t\t\t<div class=\"elementor-widget-container\">\n\t\t\t\t\t\t\t\t\t\t\t\t\t\t\t<img loading=\"lazy\" decoding=\"async\" width=\"586\" height=\"842\" src=\"https:\/\/amhazikaron.org\/wp-content\/uploads\/2025\/04\/olive_prize.jpg\" class=\"attachment-large size-large wp-image-3802\" alt=\"Jerusalem medal certificate\" srcset=\"https:\/\/amhazikaron.org\/wp-content\/uploads\/2025\/04\/olive_prize.jpg 586w, https:\/\/amhazikaron.org\/wp-content\/uploads\/2025\/04\/olive_prize-209x300.jpg 209w\" sizes=\"(max-width: 586px) 100vw, 586px\" \/>\t\t\t\t\t\t\t\t\t\t\t\t\t\t\t<\/div>\n\t\t\t\t<\/div>\n\t\t\t\t<\/div>\n\t\t\t\t\t<\/div>\n\t\t\t\t<\/div>\n\t\t\t\t<\/div>\n\t\t","protected":false},"excerpt":{"rendered":"<p>Jerusalemer Olive und Medaille f\u00fcr den Beitrag zum j\u00fcdischen Gedankengut und nationalen Erbe<\/p>\n","protected":false},"author":1,"featured_media":3799,"parent":5403,"menu_order":0,"comment_status":"closed","ping_status":"closed","template":"","meta":{"_acf_changed":false,"_monsterinsights_skip_tracking":false,"_monsterinsights_sitenote_active":false,"_monsterinsights_sitenote_note":"","_monsterinsights_sitenote_category":0,"footnotes":""},"class_list":["post-3798","page","type-page","status-publish","has-post-thumbnail","hentry"],"acf":[],"yoast_head":"<!-- This site is optimized with the Yoast SEO plugin v27.3 - https:\/\/yoast.com\/product\/yoast-seo-wordpress\/ -->\n<title>Auszeichnungen - Am haZikaron<\/title>\n<meta name=\"robots\" content=\"index, follow, max-snippet:-1, max-image-preview:large, max-video-preview:-1\" \/>\n<link rel=\"canonical\" href=\"https:\/\/amhazikaron.org\/de\/uber-uns\/auszeichnungen\/\" \/>\n<meta property=\"og:locale\" content=\"de_DE\" \/>\n<meta property=\"og:type\" content=\"article\" \/>\n<meta property=\"og:title\" content=\"Auszeichnungen - Am haZikaron\" \/>\n<meta property=\"og:description\" content=\"Jerusalemer Olive und Medaille f\u00fcr den Beitrag zum j\u00fcdischen Gedankengut und nationalen Erbe\" \/>\n<meta property=\"og:url\" content=\"https:\/\/amhazikaron.org\/de\/uber-uns\/auszeichnungen\/\" \/>\n<meta property=\"og:site_name\" content=\"Am haZikaron\" \/>\n<meta property=\"article:publisher\" content=\"https:\/\/www.facebook.com\/jewage\" \/>\n<meta property=\"article:modified_time\" content=\"2025-08-15T05:40:30+00:00\" \/>\n<meta property=\"og:image\" content=\"https:\/\/amhazikaron.org\/wp-content\/uploads\/2025\/04\/amz-medal-clr.jpg\" \/>\n\t<meta property=\"og:image:width\" content=\"500\" \/>\n\t<meta property=\"og:image:height\" content=\"333\" \/>\n\t<meta property=\"og:image:type\" content=\"image\/jpeg\" \/>\n<meta name=\"twitter:card\" content=\"summary_large_image\" \/>\n<meta name=\"twitter:site\" content=\"@AmhaZikaron\" \/>\n<meta name=\"twitter:label1\" content=\"Gesch\u00e4tzte Lesezeit\" \/>\n\t<meta name=\"twitter:data1\" content=\"1\u00a0Minute\" \/>\n<script type=\"application\/ld+json\" class=\"yoast-schema-graph\">{\"@context\":\"https:\\\/\\\/schema.org\",\"@graph\":[{\"@type\":\"WebPage\",\"@id\":\"https:\\\/\\\/amhazikaron.org\\\/de\\\/uber-uns\\\/auszeichnungen\\\/\",\"url\":\"https:\\\/\\\/amhazikaron.org\\\/de\\\/uber-uns\\\/auszeichnungen\\\/\",\"name\":\"Auszeichnungen - Am haZikaron\",\"isPartOf\":{\"@id\":\"https:\\\/\\\/amhazikaron.org\\\/de\\\/#website\"},\"primaryImageOfPage\":{\"@id\":\"https:\\\/\\\/amhazikaron.org\\\/de\\\/uber-uns\\\/auszeichnungen\\\/#primaryimage\"},\"image\":{\"@id\":\"https:\\\/\\\/amhazikaron.org\\\/de\\\/uber-uns\\\/auszeichnungen\\\/#primaryimage\"},\"thumbnailUrl\":\"https:\\\/\\\/amhazikaron.org\\\/wp-content\\\/uploads\\\/2025\\\/04\\\/amz-medal-clr.jpg\",\"datePublished\":\"2025-04-13T15:14:43+00:00\",\"dateModified\":\"2025-08-15T05:40:30+00:00\",\"breadcrumb\":{\"@id\":\"https:\\\/\\\/amhazikaron.org\\\/de\\\/uber-uns\\\/auszeichnungen\\\/#breadcrumb\"},\"inLanguage\":\"de\",\"potentialAction\":[{\"@type\":\"ReadAction\",\"target\":[\"https:\\\/\\\/amhazikaron.org\\\/de\\\/uber-uns\\\/auszeichnungen\\\/\"]}]},{\"@type\":\"ImageObject\",\"inLanguage\":\"de\",\"@id\":\"https:\\\/\\\/amhazikaron.org\\\/de\\\/uber-uns\\\/auszeichnungen\\\/#primaryimage\",\"url\":\"https:\\\/\\\/amhazikaron.org\\\/wp-content\\\/uploads\\\/2025\\\/04\\\/amz-medal-clr.jpg\",\"contentUrl\":\"https:\\\/\\\/amhazikaron.org\\\/wp-content\\\/uploads\\\/2025\\\/04\\\/amz-medal-clr.jpg\",\"width\":500,\"height\":333,\"caption\":\"Jerusalem medal side 1\"},{\"@type\":\"BreadcrumbList\",\"@id\":\"https:\\\/\\\/amhazikaron.org\\\/de\\\/uber-uns\\\/auszeichnungen\\\/#breadcrumb\",\"itemListElement\":[{\"@type\":\"ListItem\",\"position\":1,\"name\":\"\u0413\u043b\u0430\u0432\u043d\u0430\u044f \u0441\u0442\u0440\u0430\u043d\u0438\u0446\u0430\",\"item\":\"https:\\\/\\\/amhazikaron.org\\\/de\\\/home\\\/\"},{\"@type\":\"ListItem\",\"position\":2,\"name\":\"\u00dcber uns\",\"item\":\"https:\\\/\\\/amhazikaron.org\\\/de\\\/uber-uns\\\/\"},{\"@type\":\"ListItem\",\"position\":3,\"name\":\"Auszeichnungen\"}]},{\"@type\":\"WebSite\",\"@id\":\"https:\\\/\\\/amhazikaron.org\\\/de\\\/#website\",\"url\":\"https:\\\/\\\/amhazikaron.org\\\/de\\\/\",\"name\":\"Am haZikaron\",\"description\":\"\u0418\u043d\u0441\u0442\u0438\u0442\u0443\u0442 \u043d\u0430\u0443\u043a\u0438, \u043a\u0443\u043b\u044c\u0442\u0443\u0440\u044b \u0438 \u043d\u0430\u0441\u043b\u0435\u0434\u0438\u044f \u0435\u0432\u0440\u0435\u0439\u0441\u043a\u043e\u0433\u043e \u043d\u0430\u0440\u043e\u0434\u0430\",\"publisher\":{\"@id\":\"https:\\\/\\\/amhazikaron.org\\\/de\\\/#organization\"},\"potentialAction\":[{\"@type\":\"SearchAction\",\"target\":{\"@type\":\"EntryPoint\",\"urlTemplate\":\"https:\\\/\\\/amhazikaron.org\\\/de\\\/?s={search_term_string}\"},\"query-input\":{\"@type\":\"PropertyValueSpecification\",\"valueRequired\":true,\"valueName\":\"search_term_string\"}}],\"inLanguage\":\"de\"},{\"@type\":\"Organization\",\"@id\":\"https:\\\/\\\/amhazikaron.org\\\/de\\\/#organization\",\"name\":\"Am haZikaron\",\"url\":\"https:\\\/\\\/amhazikaron.org\\\/de\\\/\",\"logo\":{\"@type\":\"ImageObject\",\"inLanguage\":\"de\",\"@id\":\"https:\\\/\\\/amhazikaron.org\\\/de\\\/#\\\/schema\\\/logo\\\/image\\\/\",\"url\":\"https:\\\/\\\/amhazikaron.org\\\/wp-content\\\/uploads\\\/2025\\\/04\\\/logo.svg\",\"contentUrl\":\"https:\\\/\\\/amhazikaron.org\\\/wp-content\\\/uploads\\\/2025\\\/04\\\/logo.svg\",\"width\":48,\"height\":48,\"caption\":\"Am haZikaron\"},\"image\":{\"@id\":\"https:\\\/\\\/amhazikaron.org\\\/de\\\/#\\\/schema\\\/logo\\\/image\\\/\"},\"sameAs\":[\"https:\\\/\\\/www.facebook.com\\\/jewage\",\"https:\\\/\\\/x.com\\\/AmhaZikaron\"]}]}<\/script>\n<!-- \/ Yoast SEO plugin. -->","yoast_head_json":{"title":"Auszeichnungen - Am haZikaron","robots":{"index":"index","follow":"follow","max-snippet":"max-snippet:-1","max-image-preview":"max-image-preview:large","max-video-preview":"max-video-preview:-1"},"canonical":"https:\/\/amhazikaron.org\/de\/uber-uns\/auszeichnungen\/","og_locale":"de_DE","og_type":"article","og_title":"Auszeichnungen - Am haZikaron","og_description":"Jerusalemer Olive und Medaille f\u00fcr den Beitrag zum j\u00fcdischen Gedankengut und nationalen Erbe","og_url":"https:\/\/amhazikaron.org\/de\/uber-uns\/auszeichnungen\/","og_site_name":"Am haZikaron","article_publisher":"https:\/\/www.facebook.com\/jewage","article_modified_time":"2025-08-15T05:40:30+00:00","og_image":[{"width":500,"height":333,"url":"https:\/\/amhazikaron.org\/wp-content\/uploads\/2025\/04\/amz-medal-clr.jpg","type":"image\/jpeg"}],"twitter_card":"summary_large_image","twitter_site":"@AmhaZikaron","twitter_misc":{"Gesch\u00e4tzte Lesezeit":"1\u00a0Minute"},"schema":{"@context":"https:\/\/schema.org","@graph":[{"@type":"WebPage","@id":"https:\/\/amhazikaron.org\/de\/uber-uns\/auszeichnungen\/","url":"https:\/\/amhazikaron.org\/de\/uber-uns\/auszeichnungen\/","name":"Auszeichnungen - Am haZikaron","isPartOf":{"@id":"https:\/\/amhazikaron.org\/de\/#website"},"primaryImageOfPage":{"@id":"https:\/\/amhazikaron.org\/de\/uber-uns\/auszeichnungen\/#primaryimage"},"image":{"@id":"https:\/\/amhazikaron.org\/de\/uber-uns\/auszeichnungen\/#primaryimage"},"thumbnailUrl":"https:\/\/amhazikaron.org\/wp-content\/uploads\/2025\/04\/amz-medal-clr.jpg","datePublished":"2025-04-13T15:14:43+00:00","dateModified":"2025-08-15T05:40:30+00:00","breadcrumb":{"@id":"https:\/\/amhazikaron.org\/de\/uber-uns\/auszeichnungen\/#breadcrumb"},"inLanguage":"de","potentialAction":[{"@type":"ReadAction","target":["https:\/\/amhazikaron.org\/de\/uber-uns\/auszeichnungen\/"]}]},{"@type":"ImageObject","inLanguage":"de","@id":"https:\/\/amhazikaron.org\/de\/uber-uns\/auszeichnungen\/#primaryimage","url":"https:\/\/amhazikaron.org\/wp-content\/uploads\/2025\/04\/amz-medal-clr.jpg","contentUrl":"https:\/\/amhazikaron.org\/wp-content\/uploads\/2025\/04\/amz-medal-clr.jpg","width":500,"height":333,"caption":"Jerusalem medal side 1"},{"@type":"BreadcrumbList","@id":"https:\/\/amhazikaron.org\/de\/uber-uns\/auszeichnungen\/#breadcrumb","itemListElement":[{"@type":"ListItem","position":1,"name":"\u0413\u043b\u0430\u0432\u043d\u0430\u044f \u0441\u0442\u0440\u0430\u043d\u0438\u0446\u0430","item":"https:\/\/amhazikaron.org\/de\/home\/"},{"@type":"ListItem","position":2,"name":"\u00dcber uns","item":"https:\/\/amhazikaron.org\/de\/uber-uns\/"},{"@type":"ListItem","position":3,"name":"Auszeichnungen"}]},{"@type":"WebSite","@id":"https:\/\/amhazikaron.org\/de\/#website","url":"https:\/\/amhazikaron.org\/de\/","name":"Am haZikaron","description":"\u0418\u043d\u0441\u0442\u0438\u0442\u0443\u0442 \u043d\u0430\u0443\u043a\u0438, \u043a\u0443\u043b\u044c\u0442\u0443\u0440\u044b \u0438 \u043d\u0430\u0441\u043b\u0435\u0434\u0438\u044f \u0435\u0432\u0440\u0435\u0439\u0441\u043a\u043e\u0433\u043e \u043d\u0430\u0440\u043e\u0434\u0430","publisher":{"@id":"https:\/\/amhazikaron.org\/de\/#organization"},"potentialAction":[{"@type":"SearchAction","target":{"@type":"EntryPoint","urlTemplate":"https:\/\/amhazikaron.org\/de\/?s={search_term_string}"},"query-input":{"@type":"PropertyValueSpecification","valueRequired":true,"valueName":"search_term_string"}}],"inLanguage":"de"},{"@type":"Organization","@id":"https:\/\/amhazikaron.org\/de\/#organization","name":"Am haZikaron","url":"https:\/\/amhazikaron.org\/de\/","logo":{"@type":"ImageObject","inLanguage":"de","@id":"https:\/\/amhazikaron.org\/de\/#\/schema\/logo\/image\/","url":"https:\/\/amhazikaron.org\/wp-content\/uploads\/2025\/04\/logo.svg","contentUrl":"https:\/\/amhazikaron.org\/wp-content\/uploads\/2025\/04\/logo.svg","width":48,"height":48,"caption":"Am haZikaron"},"image":{"@id":"https:\/\/amhazikaron.org\/de\/#\/schema\/logo\/image\/"},"sameAs":["https:\/\/www.facebook.com\/jewage","https:\/\/x.com\/AmhaZikaron"]}]}},"_links":{"self":[{"href":"https:\/\/amhazikaron.org\/de\/wp-json\/wp\/v2\/pages\/3798","targetHints":{"allow":["GET"]}}],"collection":[{"href":"https:\/\/amhazikaron.org\/de\/wp-json\/wp\/v2\/pages"}],"about":[{"href":"https:\/\/amhazikaron.org\/de\/wp-json\/wp\/v2\/types\/page"}],"author":[{"embeddable":true,"href":"https:\/\/amhazikaron.org\/de\/wp-json\/wp\/v2\/users\/1"}],"replies":[{"embeddable":true,"href":"https:\/\/amhazikaron.org\/de\/wp-json\/wp\/v2\/comments?post=3798"}],"version-history":[{"count":1,"href":"https:\/\/amhazikaron.org\/de\/wp-json\/wp\/v2\/pages\/3798\/revisions"}],"predecessor-version":[{"id":3803,"href":"https:\/\/amhazikaron.org\/de\/wp-json\/wp\/v2\/pages\/3798\/revisions\/3803"}],"up":[{"embeddable":true,"href":"https:\/\/amhazikaron.org\/de\/wp-json\/wp\/v2\/pages\/5403"}],"wp:featuredmedia":[{"embeddable":true,"href":"https:\/\/amhazikaron.org\/de\/wp-json\/wp\/v2\/media\/3799"}],"wp:attachment":[{"href":"https:\/\/amhazikaron.org\/de\/wp-json\/wp\/v2\/media?parent=3798"}],"curies":[{"name":"wp","href":"https:\/\/api.w.org\/{rel}","templated":true}]}}